{"id":997,"date":"2025-12-11T18:21:44","date_gmt":"2025-12-11T23:21:44","guid":{"rendered":"https:\/\/megaequiposdj.com\/?post_type=product&#038;p=997"},"modified":"2025-12-11T19:38:04","modified_gmt":"2025-12-12T00:38:04","slug":"997","status":"publish","type":"product","link":"https:\/\/megaequiposdj.com\/index.php\/product\/997\/","title":{"rendered":"Cable de Microfono BS"},"content":{"rendered":"<p>El Cable Besser Sound\u00a0<strong>C13460<\/strong>\u00a0es ideal para audio profesional, ofreciendo calidad y durabilidad con una transmisi\u00f3n de se\u00f1al clara. Perfecto para estudios de grabaci\u00f3n, escenarios y aplicaciones profesionales.<\/p>\n<p>&nbsp;<\/p>\n<p><strong>Env\u00edos a nivel nacional (Excepto Gal\u00e1pagos)<\/strong><\/p>\n<p>&nbsp;<\/p>\n<p><strong>Precio incluye IVA y aplica solo para pagos en efectivo, dep\u00f3sitos o transferencias.Con tarjeta de cr\u00e9dito el precio var\u00eda dependiendo del tiempo a diferir.<\/strong><\/p>\n","protected":false},"excerpt":{"rendered":"<ul>\n<li><strong>Conectores XLR hembra a XLR macho<\/strong><\/li>\n<li><strong>Longitud: 1.5 metros<\/strong><\/li>\n<li><strong>Conductores de cobre libre de ox\u00edgeno (OFC)<\/strong><\/li>\n<li><strong>Doble blindaje<\/strong><\/li>\n<li><strong>Cubierta PVC resistente y flexible<\/strong><\/li>\n<li><strong>Construcci\u00f3n robusta<\/strong><\/li>\n<\/ul>\n","protected":false},"featured_media":925,"comment_status":"open","ping_status":"closed","template":"","meta":{"site-container-style":"default","site-container-layout":"default","site-sidebar-layout":"default","site-transparent-header":"default","disable-article-header":"default","disable-site-header":"default","disable-site-footer":"default","disable-content-area-spacing":"default","advanced_seo_description":"","jetpack_seo_html_title":"","jetpack_seo_noindex":false},"product_brand":[753],"product_cat":[752],"product_tag":[756,754,755],"class_list":{"0":"post-997","1":"product","2":"type-product","3":"status-publish","4":"has-post-thumbnail","6":"product_brand-besser-sound","7":"product_cat-cables","8":"product_tag-besser-sound","9":"product_tag-cable","10":"product_tag-cable-microfono","12":"first","13":"instock","14":"taxable","15":"shipping-taxable","16":"purchasable","17":"product-type-simple"},"jetpack_sharing_enabled":true,"_links":{"self":[{"href":"https:\/\/megaequiposdj.com\/index.php\/wp-json\/wp\/v2\/product\/997","targetHints":{"allow":["GET"]}}],"collection":[{"href":"https:\/\/megaequiposdj.com\/index.php\/wp-json\/wp\/v2\/product"}],"about":[{"href":"https:\/\/megaequiposdj.com\/index.php\/wp-json\/wp\/v2\/types\/product"}],"replies":[{"embeddable":true,"href":"https:\/\/megaequiposdj.com\/index.php\/wp-json\/wp\/v2\/comments?post=997"}],"wp:featuredmedia":[{"embeddable":true,"href":"https:\/\/megaequiposdj.com\/index.php\/wp-json\/wp\/v2\/media\/925"}],"wp:attachment":[{"href":"https:\/\/megaequiposdj.com\/index.php\/wp-json\/wp\/v2\/media?parent=997"}],"wp:term":[{"taxonomy":"product_brand","embeddable":true,"href":"https:\/\/megaequiposdj.com\/index.php\/wp-json\/wp\/v2\/product_brand?post=997"},{"taxonomy":"product_cat","embeddable":true,"href":"https:\/\/megaequiposdj.com\/index.php\/wp-json\/wp\/v2\/product_cat?post=997"},{"taxonomy":"product_tag","embeddable":true,"href":"https:\/\/megaequiposdj.com\/index.php\/wp-json\/wp\/v2\/product_tag?post=997"}],"curies":[{"name":"wp","href":"https:\/\/api.w.org\/{rel}","templated":true}]}}