{"id":802,"date":"2025-11-27T15:43:24","date_gmt":"2025-11-27T20:43:24","guid":{"rendered":"https:\/\/megaequiposdj.com\/?post_type=product&#038;p=802"},"modified":"2025-11-27T15:43:24","modified_gmt":"2025-11-27T20:43:24","slug":"microfono-shure-pga48","status":"publish","type":"product","link":"https:\/\/megaequiposdj.com\/index.php\/product\/microfono-shure-pga48\/","title":{"rendered":"MICR\u00d3FONO SHURE PGA48"},"content":{"rendered":"<h2>MICR\u00d3FONO SHURE PGA48<\/h2>\n<p>&nbsp;<\/p>\n<p data-path-to-node=\"3\">Un micr\u00f3fono vocal din\u00e1mico dise\u00f1ado espec\u00edficamente para <b>discursos, presentaciones y karaoke<\/b>. Ofrece un sonido excelente y la legendaria durabilidad de Shure.<\/p>\n<ul data-path-to-node=\"4\">\n<li>\n<p data-path-to-node=\"4,0,0\"><b>Claridad en la Palabra Hablada:<\/b> Su <b>respuesta de frecuencia<\/b> est\u00e1 optimizada para la <b>voz humana y la palabra hablada<\/b>, asegurando inteligibilidad y claridad en presentaciones y anuncios.<\/p>\n<\/li>\n<li>\n<p data-path-to-node=\"4,1,0\"><b>Patr\u00f3n Polar Cardioide:<\/b> Posee un patr\u00f3n de captaci\u00f3n <b>Cardioide<\/b> que rechaza el ruido fuera del eje, <b>minimizando el <i>feedback<\/i><\/b> y el sonido ambiental no deseado.<\/p>\n<\/li>\n<li>\n<p data-path-to-node=\"4,2,0\"><b>Dise\u00f1o Robusto y Duradero:<\/b> Al igual que toda la l\u00ednea PG de Shure, est\u00e1 construido con una <b>rejilla met\u00e1lica resistente<\/b> y un dise\u00f1o robusto, ideal para el rigor del uso diario.<\/p>\n<\/li>\n<li>\n<p data-path-to-node=\"4,3,0\"><b>Conmutador de Encendido\/Apagado:<\/b> Incorpora un pr\u00e1ctico <b>interruptor de ON\/OFF<\/b> integrado que proporciona control instant\u00e1neo para el presentador o vocalista.<\/p>\n<\/li>\n<li>\n<p data-path-to-node=\"4,4,0\"><b>C\u00e1psula Din\u00e1mica Confiable:<\/b> Utiliza una c\u00e1psula <b>din\u00e1mica<\/b> que maneja altos niveles de presi\u00f3n sonora (SPL) y no requiere alimentaci\u00f3n <i>phantom<\/i>, siendo f\u00e1cil de usar.<\/p>\n<\/li>\n<li>\n<p data-path-to-node=\"4,5,0\"><b>Accesorios Incluidos:<\/b> Generalmente se suministra con su <b>pinza de micr\u00f3fono<\/b> y una <b>bolsa de transporte<\/b> con cremallera, facilitando su instalaci\u00f3n y protecci\u00f3n.<\/p>\n<\/li>\n<\/ul>\n","protected":false},"excerpt":{"rendered":"<p>MICR\u00d3FONO SHURE PGA48 &nbsp; Un micr\u00f3fono vocal din\u00e1mico dise\u00f1ado espec\u00edficamente para discursos, presentaciones y karaoke. Ofrece un sonido excelente y la legendaria durabilidad de Shure. Claridad en la Palabra Hablada: Su respuesta de frecuencia est\u00e1 optimizada para la voz humana y la palabra hablada, asegurando inteligibilidad y claridad en presentaciones y anuncios. Patr\u00f3n Polar Cardioide: [&hellip;]<\/p>\n","protected":false},"featured_media":803,"comment_status":"open","ping_status":"closed","template":"","meta":{"site-container-style":"default","site-container-layout":"default","site-sidebar-layout":"default","site-transparent-header":"default","disable-article-header":"default","disable-site-header":"default","disable-site-footer":"default","disable-content-area-spacing":"default","advanced_seo_description":"","jetpack_seo_html_title":"","jetpack_seo_noindex":false},"product_brand":[662],"product_cat":[660,659],"product_tag":[],"class_list":{"0":"post-802","1":"product","2":"type-product","3":"status-publish","4":"has-post-thumbnail","6":"product_brand-shure","7":"product_cat-alambrico","8":"product_cat-microfono","10":"first","11":"instock","12":"taxable","13":"shipping-taxable","14":"purchasable","15":"product-type-simple"},"jetpack_sharing_enabled":true,"_links":{"self":[{"href":"https:\/\/megaequiposdj.com\/index.php\/wp-json\/wp\/v2\/product\/802","targetHints":{"allow":["GET"]}}],"collection":[{"href":"https:\/\/megaequiposdj.com\/index.php\/wp-json\/wp\/v2\/product"}],"about":[{"href":"https:\/\/megaequiposdj.com\/index.php\/wp-json\/wp\/v2\/types\/product"}],"replies":[{"embeddable":true,"href":"https:\/\/megaequiposdj.com\/index.php\/wp-json\/wp\/v2\/comments?post=802"}],"wp:featuredmedia":[{"embeddable":true,"href":"https:\/\/megaequiposdj.com\/index.php\/wp-json\/wp\/v2\/media\/803"}],"wp:attachment":[{"href":"https:\/\/megaequiposdj.com\/index.php\/wp-json\/wp\/v2\/media?parent=802"}],"wp:term":[{"taxonomy":"product_brand","embeddable":true,"href":"https:\/\/megaequiposdj.com\/index.php\/wp-json\/wp\/v2\/product_brand?post=802"},{"taxonomy":"product_cat","embeddable":true,"href":"https:\/\/megaequiposdj.com\/index.php\/wp-json\/wp\/v2\/product_cat?post=802"},{"taxonomy":"product_tag","embeddable":true,"href":"https:\/\/megaequiposdj.com\/index.php\/wp-json\/wp\/v2\/product_tag?post=802"}],"curies":[{"name":"wp","href":"https:\/\/api.w.org\/{rel}","templated":true}]}}