{"id":798,"date":"2025-11-27T15:39:06","date_gmt":"2025-11-27T20:39:06","guid":{"rendered":"https:\/\/megaequiposdj.com\/?post_type=product&#038;p=798"},"modified":"2025-11-27T15:39:06","modified_gmt":"2025-11-27T20:39:06","slug":"microfono-vocal-sv100-shure","status":"publish","type":"product","link":"https:\/\/megaequiposdj.com\/index.php\/product\/microfono-vocal-sv100-shure\/","title":{"rendered":"Micr\u00f3fono vocal SV100 Shure"},"content":{"rendered":"<h2>Micr\u00f3fono Vocal SV100 Shure<\/h2>\n<p>&nbsp;<\/p>\n<p data-path-to-node=\"3\">Un micr\u00f3fono de rendimiento s\u00f3lido, ideal para uso vocal general, presentaciones y sesiones de karaoke. Fiabilidad de la marca Shure a un precio accesible.<\/p>\n<ul data-path-to-node=\"4\">\n<li>\n<p data-path-to-node=\"4,0,0\"><b>Patr\u00f3n Polar Cardioide:<\/b> Posee una <b>respuesta cardioide<\/b>, lo que significa que capta el sonido principalmente de la parte frontal, ayudando a <b>reducir la retroalimentaci\u00f3n<\/b> (feedback) y el ruido de fondo.<\/p>\n<\/li>\n<li>\n<p data-path-to-node=\"4,1,0\"><b>Respuesta de Frecuencia Optimizada:<\/b> Su respuesta de frecuencia est\u00e1 <b>ajustada para voces<\/b>, lo que asegura una reproducci\u00f3n clara y natural de la voz humana.<\/p>\n<\/li>\n<li>\n<p data-path-to-node=\"4,2,0\"><b>Dise\u00f1o Din\u00e1mico Robusto:<\/b> Utiliza un <b>dise\u00f1o de micr\u00f3fono din\u00e1mico<\/b>, conocido por su durabilidad y capacidad para manejar altos niveles de presi\u00f3n sonora sin distorsi\u00f3n.<\/p>\n<\/li>\n<li>\n<p data-path-to-node=\"4,3,0\"><b>Interruptor de Encendido\/Apagado:<\/b> Incluye un pr\u00e1ctico <b>interruptor de ON\/OFF<\/b> integrado en el cuerpo del micr\u00f3fono, ofreciendo control instant\u00e1neo al usuario durante su uso.<\/p>\n<\/li>\n<li>\n<p data-path-to-node=\"4,4,0\"><b>Uso Vers\u00e1til:<\/b> Excelente para <b>karaoke, discursos, presentaciones, conferencias<\/b> y grabaciones de voz de uso general.<\/p>\n<\/li>\n<li>\n<p data-path-to-node=\"4,5,0\"><b>Conexi\u00f3n Est\u00e1ndar:<\/b> Viene con un cable que generalmente termina en un conector <b>XLR<\/b> y\/o un adaptador a <b>Jack de 6.3 mm<\/b>, haci\u00e9ndolo compatible con la mayor\u00eda de los equipos de audio.<\/p>\n<\/li>\n<\/ul>\n","protected":false},"excerpt":{"rendered":"<p>Micr\u00f3fono Vocal SV100 Shure &nbsp; Un micr\u00f3fono de rendimiento s\u00f3lido, ideal para uso vocal general, presentaciones y sesiones de karaoke. Fiabilidad de la marca Shure a un precio accesible. Patr\u00f3n Polar Cardioide: Posee una respuesta cardioide, lo que significa que capta el sonido principalmente de la parte frontal, ayudando a reducir la retroalimentaci\u00f3n (feedback) y [&hellip;]<\/p>\n","protected":false},"featured_media":799,"comment_status":"open","ping_status":"closed","template":"","meta":{"site-container-style":"default","site-container-layout":"default","site-sidebar-layout":"default","site-transparent-header":"default","disable-article-header":"default","disable-site-header":"default","disable-site-footer":"default","disable-content-area-spacing":"default","advanced_seo_description":"","jetpack_seo_html_title":"","jetpack_seo_noindex":false},"product_brand":[662],"product_cat":[660,659],"product_tag":[691,670,669,684,665,689,681,671,672,676,682,683,675,674,663,693,677,685,680,686,678,687,679,664,688,666,690,667,673,668,692],"class_list":{"0":"post-798","1":"product","2":"type-product","3":"status-publish","4":"has-post-thumbnail","6":"product_brand-shure","7":"product_cat-alambrico","8":"product_cat-microfono","9":"product_tag-cable-desmontable","10":"product_tag-cable-fijo","11":"product_tag-cable-xlr-incluido","12":"product_tag-calidad-shure","13":"product_tag-capsula-dinamica","14":"product_tag-construccion-metalica","15":"product_tag-equipo-de-sonido","16":"product_tag-impedancia-alta","17":"product_tag-impedancia-baja","18":"product_tag-microfono-con-cable","19":"product_tag-microfono-de-bajo-costo","20":"product_tag-microfono-de-inicio","21":"product_tag-microfono-de-karaoke","22":"product_tag-microfono-de-mano","23":"product_tag-microfono-dinamico","24":"product_tag-microfono-para-amplificador","25":"product_tag-microfono-para-canto","26":"product_tag-microfono-para-conferencias","27":"product_tag-microfono-para-eventos","28":"product_tag-microfono-para-fiestas","29":"product_tag-microfono-para-presentaciones","30":"product_tag-microfono-para-uso-general","31":"product_tag-microfono-para-voz-hablada","32":"product_tag-microfono-vocal","33":"product_tag-modelo-sv100","34":"product_tag-patron-polar-cardioide","35":"product_tag-rejilla-antiviento","36":"product_tag-respuesta-en-frecuencia-optimizada-para-voz","37":"product_tag-shure-original","38":"product_tag-switch-on-off","39":"product_tag-versatil-y-duradero","41":"first","42":"instock","43":"taxable","44":"shipping-taxable","45":"purchasable","46":"product-type-simple"},"jetpack_sharing_enabled":true,"_links":{"self":[{"href":"https:\/\/megaequiposdj.com\/index.php\/wp-json\/wp\/v2\/product\/798","targetHints":{"allow":["GET"]}}],"collection":[{"href":"https:\/\/megaequiposdj.com\/index.php\/wp-json\/wp\/v2\/product"}],"about":[{"href":"https:\/\/megaequiposdj.com\/index.php\/wp-json\/wp\/v2\/types\/product"}],"replies":[{"embeddable":true,"href":"https:\/\/megaequiposdj.com\/index.php\/wp-json\/wp\/v2\/comments?post=798"}],"wp:featuredmedia":[{"embeddable":true,"href":"https:\/\/megaequiposdj.com\/index.php\/wp-json\/wp\/v2\/media\/799"}],"wp:attachment":[{"href":"https:\/\/megaequiposdj.com\/index.php\/wp-json\/wp\/v2\/media?parent=798"}],"wp:term":[{"taxonomy":"product_brand","embeddable":true,"href":"https:\/\/megaequiposdj.com\/index.php\/wp-json\/wp\/v2\/product_brand?post=798"},{"taxonomy":"product_cat","embeddable":true,"href":"https:\/\/megaequiposdj.com\/index.php\/wp-json\/wp\/v2\/product_cat?post=798"},{"taxonomy":"product_tag","embeddable":true,"href":"https:\/\/megaequiposdj.com\/index.php\/wp-json\/wp\/v2\/product_tag?post=798"}],"curies":[{"name":"wp","href":"https:\/\/api.w.org\/{rel}","templated":true}]}}