{"id":774,"date":"2025-11-24T12:00:40","date_gmt":"2025-11-24T17:00:40","guid":{"rendered":"https:\/\/megaequiposdj.com\/?post_type=product&#038;p=774"},"modified":"2025-11-24T12:01:10","modified_gmt":"2025-11-24T17:01:10","slug":"consola-mixer-england-sound-es-balance-4l","status":"publish","type":"product","link":"https:\/\/megaequiposdj.com\/index.php\/product\/consola-mixer-england-sound-es-balance-4l\/","title":{"rendered":"Consola Mixer England Sound ES-BALANCE 4L"},"content":{"rendered":"<h3>England Sound ES-BALANCE 4L: Caracter\u00edsticas Clave<\/h3>\n<p>&nbsp;<\/p>\n<ul data-path-to-node=\"2\">\n<li>\n<p data-path-to-node=\"2,0,0\"><b>Tipo:<\/b> Consola o Mezcladora de audio <b>Pasiva<\/b> (Anal\u00f3gica) compacta.<\/p>\n<\/li>\n<li>\n<p data-path-to-node=\"2,1,0\"><b>Canales:<\/b> <b>4 Canales de Entrada<\/b> (t\u00edpicamente 2 Mono Mic\/L\u00ednea + 2 Est\u00e9reo L\u00ednea).<\/p>\n<\/li>\n<li>\n<p data-path-to-node=\"2,2,0\"><b>Ecualizaci\u00f3n:<\/b> <b>3 Bandas<\/b> (Agudos, Medios, Graves) por canal.<\/p>\n<\/li>\n<li>\n<p data-path-to-node=\"2,3,0\"><b>Alimentaci\u00f3n:<\/b> Incluye <b>Phantom Power de <span class=\"math-inline\" data-math=\"+48\">+48<\/span>\u00a0V<\/b> (para micr\u00f3fonos de condensador).<\/p>\n<\/li>\n<li>\n<p data-path-to-node=\"2,4,0\"><b>Efectos:<\/b> <b>DSP<\/b> (Digital Signal Processor) con <b>16 presets<\/b> de efectos digitales incorporados (Reverb, Delay, etc.).<\/p>\n<\/li>\n<li>\n<p data-path-to-node=\"2,5,0\"><b><span class=\"citation-13\">Conectividad:<\/span><\/b> <b><span class=\"citation-13\">USB<\/span><\/b><span class=\"citation-13\"> (para reproducci\u00f3n MP3) y <\/span><b><span class=\"citation-13\">Bluetooth<\/span><\/b><span class=\"citation-13 citation-end-13\">.<sup class=\"superscript\" data-turn-source-index=\"1\">1<\/sup><\/span><\/p>\n<div class=\"source-inline-chip-container ng-star-inserted\"><\/div>\n<p>&nbsp;<\/li>\n<li>\n<p data-path-to-node=\"2,6,0\"><b>Dise\u00f1o:<\/b> Compacto, a menudo con carcasa met\u00e1lica para mayor durabilidad.<\/p>\n<\/li>\n<li>\n<p data-path-to-node=\"2,7,0\"><b>Uso:<\/b> Ideal para grabaciones caseras, podcasting, karaoke y eventos peque\u00f1os<\/p>\n<\/li>\n<\/ul>\n","protected":false},"excerpt":{"rendered":"<p>England Sound ES-BALANCE 4L: Caracter\u00edsticas Clave &nbsp; Tipo: Consola o Mezcladora de audio Pasiva (Anal\u00f3gica) compacta. Canales: 4 Canales de Entrada (t\u00edpicamente 2 Mono Mic\/L\u00ednea + 2 Est\u00e9reo L\u00ednea). Ecualizaci\u00f3n: 3 Bandas (Agudos, Medios, Graves) por canal. Alimentaci\u00f3n: Incluye Phantom Power de +48\u00a0V (para micr\u00f3fonos de condensador). Efectos: DSP (Digital Signal Processor) con 16 presets [&hellip;]<\/p>\n","protected":false},"featured_media":775,"comment_status":"open","ping_status":"closed","template":"","meta":{"site-container-style":"default","site-container-layout":"default","site-sidebar-layout":"default","site-transparent-header":"default","disable-article-header":"default","disable-site-header":"default","disable-site-footer":"default","disable-content-area-spacing":"default","advanced_seo_description":"","jetpack_seo_html_title":"","jetpack_seo_noindex":false},"product_brand":[31],"product_cat":[285],"product_tag":[165,326,303,367,371,370,374,368,372,369,373],"class_list":{"0":"post-774","1":"product","2":"type-product","3":"status-publish","4":"has-post-thumbnail","6":"product_brand-england-sound","7":"product_cat-consolas","8":"product_tag-audio-profesional","9":"product_tag-consola-analogica","10":"product_tag-consola-de-audio-compacta","11":"product_tag-consola-mixer-england-sound-es-balance-4l","12":"product_tag-england-sound-audio","13":"product_tag-mesa-de-mezclas-inglaterra-sonido","14":"product_tag-mezcladora-estudio-casero","15":"product_tag-mezcladora-profesional-4-canales","16":"product_tag-mixer-balanceado","17":"product_tag-mixer-es-balance-4l","18":"product_tag-preamplificadores-de-microfono","20":"first","21":"instock","22":"taxable","23":"shipping-taxable","24":"purchasable","25":"product-type-simple"},"jetpack_sharing_enabled":true,"_links":{"self":[{"href":"https:\/\/megaequiposdj.com\/index.php\/wp-json\/wp\/v2\/product\/774","targetHints":{"allow":["GET"]}}],"collection":[{"href":"https:\/\/megaequiposdj.com\/index.php\/wp-json\/wp\/v2\/product"}],"about":[{"href":"https:\/\/megaequiposdj.com\/index.php\/wp-json\/wp\/v2\/types\/product"}],"replies":[{"embeddable":true,"href":"https:\/\/megaequiposdj.com\/index.php\/wp-json\/wp\/v2\/comments?post=774"}],"wp:featuredmedia":[{"embeddable":true,"href":"https:\/\/megaequiposdj.com\/index.php\/wp-json\/wp\/v2\/media\/775"}],"wp:attachment":[{"href":"https:\/\/megaequiposdj.com\/index.php\/wp-json\/wp\/v2\/media?parent=774"}],"wp:term":[{"taxonomy":"product_brand","embeddable":true,"href":"https:\/\/megaequiposdj.com\/index.php\/wp-json\/wp\/v2\/product_brand?post=774"},{"taxonomy":"product_cat","embeddable":true,"href":"https:\/\/megaequiposdj.com\/index.php\/wp-json\/wp\/v2\/product_cat?post=774"},{"taxonomy":"product_tag","embeddable":true,"href":"https:\/\/megaequiposdj.com\/index.php\/wp-json\/wp\/v2\/product_tag?post=774"}],"curies":[{"name":"wp","href":"https:\/\/api.w.org\/{rel}","templated":true}]}}