{"id":770,"date":"2025-11-24T11:50:42","date_gmt":"2025-11-24T16:50:42","guid":{"rendered":"https:\/\/megaequiposdj.com\/?post_type=product&#038;p=770"},"modified":"2025-11-24T11:50:42","modified_gmt":"2025-11-24T16:50:42","slug":"consola-mixer-revolution-amp-22103","status":"publish","type":"product","link":"https:\/\/megaequiposdj.com\/index.php\/product\/consola-mixer-revolution-amp-22103\/","title":{"rendered":"Consola Mixer Revolution AMP-22103"},"content":{"rendered":"<h3>Revolution AMP-22103: Caracter\u00edsticas Clave<\/h3>\n<p>&nbsp;<\/p>\n<ul data-path-to-node=\"3\">\n<li>\n<p data-path-to-node=\"3,0,0\"><b>Tipo:<\/b> <b>Mini Mezcladora<\/b> de audio \/ <b>Interfaz USB<\/b> (ideal para portabilidad).<\/p>\n<\/li>\n<li>\n<p data-path-to-node=\"3,1,0\"><b>Canales:<\/b> <b>4 Canales<\/b> de entrada vers\u00e1tiles (Micr\u00f3fono, L\u00ednea, Guitarra).<\/p>\n<\/li>\n<li>\n<p data-path-to-node=\"3,2,0\"><b>Alimentaci\u00f3n:<\/b> Incluye <b>Phantom Power de <span class=\"math-inline\" data-math=\"+48\">$+48$<\/span> V<\/b> (con interruptor\/indicador).<\/p>\n<\/li>\n<li>\n<p data-path-to-node=\"3,3,0\"><b>Conectividad:<\/b> <b>Bluetooth<\/b> y puerto <b>USB 2.0<\/b> (para conexi\u00f3n y alimentaci\u00f3n desde PC).<\/p>\n<\/li>\n<li>\n<p data-path-to-node=\"3,4,0\"><b>Dise\u00f1o:<\/b> Ultra compacta.<\/p>\n<\/li>\n<li>\n<p data-path-to-node=\"3,5,0\"><b>Peso:<\/b> Aproximadamente <b>0.6 Kg<\/b> (1.32 lbs).<\/p>\n<\/li>\n<li>\n<p data-path-to-node=\"3,6,0\"><b>Uso:<\/b> Perfecta para m\u00fasicos que viajan, home studio, podcasting y streaming.<\/p>\n<\/li>\n<\/ul>\n","protected":false},"excerpt":{"rendered":"<p>Revolution AMP-22103: Caracter\u00edsticas Clave &nbsp; Tipo: Mini Mezcladora de audio \/ Interfaz USB (ideal para portabilidad). Canales: 4 Canales de entrada vers\u00e1tiles (Micr\u00f3fono, L\u00ednea, Guitarra). Alimentaci\u00f3n: Incluye Phantom Power de $+48$ V (con interruptor\/indicador). Conectividad: Bluetooth y puerto USB 2.0 (para conexi\u00f3n y alimentaci\u00f3n desde PC). Dise\u00f1o: Ultra compacta. Peso: Aproximadamente 0.6 Kg (1.32 lbs). [&hellip;]<\/p>\n","protected":false},"featured_media":771,"comment_status":"open","ping_status":"closed","template":"","meta":{"site-container-style":"default","site-container-layout":"default","site-sidebar-layout":"default","site-transparent-header":"default","disable-article-header":"default","disable-site-header":"default","disable-site-footer":"default","disable-content-area-spacing":"default","advanced_seo_description":"","jetpack_seo_html_title":"","jetpack_seo_noindex":false},"product_brand":[349],"product_cat":[285],"product_tag":[354,353,313,350,355,347,351,356,295,352,293],"class_list":{"0":"post-770","1":"product","2":"type-product","3":"status-publish","4":"has-post-thumbnail","6":"product_brand-revolution","7":"product_cat-consolas","8":"product_tag-audio-evolution","9":"product_tag-consola-compacta","10":"product_tag-consola-de-audio","11":"product_tag-consola-mixer-evolution-amp-22103","12":"product_tag-entradas-mic-linea","13":"product_tag-mesa-de-mezclas-portatil","14":"product_tag-mezcladora-evolution-4-canales","15":"product_tag-mezcladora-pasiva","16":"product_tag-mezcladora-pequena","17":"product_tag-mixer-amp-22103","18":"product_tag-mixer-para-karaoke","20":"first","21":"instock","22":"taxable","23":"shipping-taxable","24":"purchasable","25":"product-type-simple"},"jetpack_sharing_enabled":true,"_links":{"self":[{"href":"https:\/\/megaequiposdj.com\/index.php\/wp-json\/wp\/v2\/product\/770","targetHints":{"allow":["GET"]}}],"collection":[{"href":"https:\/\/megaequiposdj.com\/index.php\/wp-json\/wp\/v2\/product"}],"about":[{"href":"https:\/\/megaequiposdj.com\/index.php\/wp-json\/wp\/v2\/types\/product"}],"replies":[{"embeddable":true,"href":"https:\/\/megaequiposdj.com\/index.php\/wp-json\/wp\/v2\/comments?post=770"}],"wp:featuredmedia":[{"embeddable":true,"href":"https:\/\/megaequiposdj.com\/index.php\/wp-json\/wp\/v2\/media\/771"}],"wp:attachment":[{"href":"https:\/\/megaequiposdj.com\/index.php\/wp-json\/wp\/v2\/media?parent=770"}],"wp:term":[{"taxonomy":"product_brand","embeddable":true,"href":"https:\/\/megaequiposdj.com\/index.php\/wp-json\/wp\/v2\/product_brand?post=770"},{"taxonomy":"product_cat","embeddable":true,"href":"https:\/\/megaequiposdj.com\/index.php\/wp-json\/wp\/v2\/product_cat?post=770"},{"taxonomy":"product_tag","embeddable":true,"href":"https:\/\/megaequiposdj.com\/index.php\/wp-json\/wp\/v2\/product_tag?post=770"}],"curies":[{"name":"wp","href":"https:\/\/api.w.org\/{rel}","templated":true}]}}