{"id":768,"date":"2025-11-24T11:48:13","date_gmt":"2025-11-24T16:48:13","guid":{"rendered":"https:\/\/megaequiposdj.com\/?post_type=product&#038;p=768"},"modified":"2025-12-02T11:47:12","modified_gmt":"2025-12-02T16:47:12","slug":"consola-wharfedale-connect-802-usb","status":"publish","type":"product","link":"https:\/\/megaequiposdj.com\/index.php\/product\/consola-wharfedale-connect-802-usb\/","title":{"rendered":"Consola Wharfedale CONNECT 802 USB"},"content":{"rendered":"<h3>Wharfedale CONNECT 802 USB: Caracter\u00edsticas Clave<\/h3>\n<p>&nbsp;<\/p>\n<ul data-path-to-node=\"2\">\n<li>\n<p data-path-to-node=\"2,0,0\"><b>Tipo:<\/b> Consola o Mezcladora de audio <b>Pasiva<\/b> (Anal\u00f3gica) compacta.<\/p>\n<\/li>\n<li>\n<p data-path-to-node=\"2,1,0\"><b>Canales:<\/b> <b>6 Entradas Totales<\/b> (incluye 2 Canales Mono\/Micr\u00f3fono y 2 Canales Est\u00e9reo\/L\u00ednea, lo que suma 6 entradas f\u00edsicas).<\/p>\n<\/li>\n<li>\n<p data-path-to-node=\"2,2,0\"><b><span class=\"citation-11\">Preamplificadores:<\/span><\/b><span class=\"citation-11\"> Preamplificadores de micr\u00f3fono de <\/span><b><span class=\"citation-11\">Bajo Ruido<\/span><\/b><span class=\"citation-11 citation-end-11\"> y alto margen.<sup class=\"superscript\" data-turn-source-index=\"1\">1<\/sup><\/span><\/p>\n<\/li>\n<li>\n<p data-path-to-node=\"2,3,0\"><b><span class=\"citation-10\">Ecualizaci\u00f3n:<\/span><\/b> <b><span class=\"citation-10\">3 Bandas<\/span><\/b><span class=\"citation-10 citation-end-10\"> de ecualizaci\u00f3n \u00abBritish EQ\u00bb por canal.<sup class=\"superscript\" data-turn-source-index=\"2\">2<\/sup><\/span><\/p>\n<\/li>\n<li>\n<p data-path-to-node=\"2,4,0\"><b><span class=\"citation-9\">Alimentaci\u00f3n:<\/span><\/b><span class=\"citation-9\"> Incluye <\/span><b><span class=\"citation-9 citation-end-9\">Phantom Power de <sup class=\"superscript\" data-turn-source-index=\"3\">3<\/sup><\/span><span class=\"math-inline\" data-math=\"+48\">$+48$<\/span><span class=\"citation-8\"> V<\/span><\/b><span class=\"citation-8 citation-end-8\"> (para micr\u00f3fonos de condensador).<sup class=\"superscript\" data-turn-source-index=\"4\">4<\/sup><\/span><\/p>\n<\/li>\n<li>\n<p data-path-to-node=\"2,5,0\"><b><span class=\"citation-7\">Conectividad:<\/span><\/b> <b><span class=\"citation-7\">Interfaz USB 2.0<\/span><\/b><span class=\"citation-7 citation-end-7\"> para grabaci\u00f3n\/reproducci\u00f3n a PC (ideal para estudio casero).<sup class=\"superscript\" data-turn-source-index=\"5\">5<\/sup><\/span><\/p>\n<\/li>\n<li>\n<p data-path-to-node=\"2,6,0\"><b>Dise\u00f1o:<\/b> Chasis <b>met\u00e1lico<\/b> robusto para mayor durabilidad.<\/p>\n<\/li>\n<li>\n<p data-path-to-node=\"2,7,0\"><b>Adicional:<\/b><span class=\"citation-6 citation-end-6\"> Salida est\u00e9reo principal (Main Mix) y salidas para Control Room\/Aud\u00edfonos.<sup class=\"superscript\" data-turn-source-index=\"6\">6<\/sup><\/span><\/p>\n<\/li>\n<\/ul>\n","protected":false},"excerpt":{"rendered":"<p>Wharfedale CONNECT 802 USB: Caracter\u00edsticas Clave &nbsp; Tipo: Consola o Mezcladora de audio Pasiva (Anal\u00f3gica) compacta. Canales: 6 Entradas Totales (incluye 2 Canales Mono\/Micr\u00f3fono y 2 Canales Est\u00e9reo\/L\u00ednea, lo que suma 6 entradas f\u00edsicas). Preamplificadores: Preamplificadores de micr\u00f3fono de Bajo Ruido y alto margen.1 Ecualizaci\u00f3n: 3 Bandas de ecualizaci\u00f3n \u00abBritish EQ\u00bb por canal.2 Alimentaci\u00f3n: Incluye [&hellip;]<\/p>\n","protected":false},"featured_media":769,"comment_status":"open","ping_status":"closed","template":"","meta":{"site-container-style":"default","site-container-layout":"default","site-sidebar-layout":"default","site-transparent-header":"default","disable-article-header":"default","disable-site-header":"default","disable-site-footer":"default","disable-content-area-spacing":"default","advanced_seo_description":"","jetpack_seo_html_title":"","jetpack_seo_noindex":false},"product_brand":[338],"product_cat":[285],"product_tag":[165,346,341,337,324,343,347,340,344,342,348,339,345],"class_list":{"0":"post-768","1":"product","2":"type-product","3":"status-publish","4":"has-post-thumbnail","6":"product_brand-wharfedale","7":"product_cat-consolas","8":"product_tag-audio-profesional","9":"product_tag-consola-de-audio-negro","10":"product_tag-consola-usb-wharfedale","11":"product_tag-efectos-integrados","12":"product_tag-estudio-casero","13":"product_tag-interfaz-de-audio-usb","14":"product_tag-mesa-de-mezclas-portatil","15":"product_tag-mezcladora-6-canales","16":"product_tag-mezcladora-compacta","17":"product_tag-mixer-para-grabacion","18":"product_tag-mixer-para-podcast","19":"product_tag-mixer-wharfedale-connect-802-usb","20":"product_tag-wharfedale-pro","22":"first","23":"instock","24":"taxable","25":"shipping-taxable","26":"purchasable","27":"product-type-simple"},"jetpack_sharing_enabled":true,"_links":{"self":[{"href":"https:\/\/megaequiposdj.com\/index.php\/wp-json\/wp\/v2\/product\/768","targetHints":{"allow":["GET"]}}],"collection":[{"href":"https:\/\/megaequiposdj.com\/index.php\/wp-json\/wp\/v2\/product"}],"about":[{"href":"https:\/\/megaequiposdj.com\/index.php\/wp-json\/wp\/v2\/types\/product"}],"replies":[{"embeddable":true,"href":"https:\/\/megaequiposdj.com\/index.php\/wp-json\/wp\/v2\/comments?post=768"}],"wp:featuredmedia":[{"embeddable":true,"href":"https:\/\/megaequiposdj.com\/index.php\/wp-json\/wp\/v2\/media\/769"}],"wp:attachment":[{"href":"https:\/\/megaequiposdj.com\/index.php\/wp-json\/wp\/v2\/media?parent=768"}],"wp:term":[{"taxonomy":"product_brand","embeddable":true,"href":"https:\/\/megaequiposdj.com\/index.php\/wp-json\/wp\/v2\/product_brand?post=768"},{"taxonomy":"product_cat","embeddable":true,"href":"https:\/\/megaequiposdj.com\/index.php\/wp-json\/wp\/v2\/product_cat?post=768"},{"taxonomy":"product_tag","embeddable":true,"href":"https:\/\/megaequiposdj.com\/index.php\/wp-json\/wp\/v2\/product_tag?post=768"}],"curies":[{"name":"wp","href":"https:\/\/api.w.org\/{rel}","templated":true}]}}