{"id":766,"date":"2025-11-24T11:44:23","date_gmt":"2025-11-24T16:44:23","guid":{"rendered":"https:\/\/megaequiposdj.com\/?post_type=product&#038;p=766"},"modified":"2025-11-24T11:45:36","modified_gmt":"2025-11-24T16:45:36","slug":"consola-kebler-km8-pro17","status":"publish","type":"product","link":"https:\/\/megaequiposdj.com\/index.php\/product\/consola-kebler-km8-pro17\/","title":{"rendered":"Consola Kebler KM8-pro17"},"content":{"rendered":"<h3>Kebler KM8-Pro17: Caracter\u00edsticas Clave<\/h3>\n<p>&nbsp;<\/p>\n<ul data-path-to-node=\"2\">\n<li>\n<p data-path-to-node=\"2,0,0\"><b>Tipo:<\/b> Consola o Mezcladora de audio <b>Pasiva<\/b> (Anal\u00f3gica) con faders deslizantes.<\/p>\n<\/li>\n<li>\n<p data-path-to-node=\"2,1,0\"><b>Canales:<\/b> <b>8 Canales de Entrada<\/b> (generalmente 6 Mono de Mic\/L\u00ednea + 1 Est\u00e9reo de L\u00ednea).<\/p>\n<\/li>\n<li>\n<p data-path-to-node=\"2,2,0\"><b>Entradas:<\/b> Conectores Combo (XLR para Micr\u00f3fono) y Jack <span class=\"math-inline\" data-math=\"6.3\">$6.3$<\/span> mm.<\/p>\n<\/li>\n<li>\n<p data-path-to-node=\"2,3,0\"><b>Ecualizaci\u00f3n:<\/b> <b>3 Bandas<\/b> (Agudos, Medios, Graves) en los canales Mono.<\/p>\n<\/li>\n<li>\n<p data-path-to-node=\"2,4,0\"><b>Efectos:<\/b> <b>DSP<\/b> (Digital Signal Processor) con <b>16 a 99 presets<\/b> de efectos incorporados (Reverb, Delay, etc.).<\/p>\n<\/li>\n<li>\n<p data-path-to-node=\"2,5,0\"><b>Alimentaci\u00f3n:<\/b> Incluye <b>Phantom Power de <span class=\"math-inline\" data-math=\"+48\">$+48$<\/span> V<\/b> (para micr\u00f3fonos de condensador).<\/p>\n<\/li>\n<li>\n<p data-path-to-node=\"2,6,0\"><b>Conectividad:<\/b> <b>USB<\/b> (para reproducci\u00f3n MP3, grabaci\u00f3n e interfaz de PC) y <b>Bluetooth<\/b>.<\/p>\n<\/li>\n<li>\n<p data-path-to-node=\"2,7,0\"><b>Adicional:<\/b> Salida principal con faders deslizantes y a menudo incluye un indicador LED de nivel.<\/p>\n<\/li>\n<\/ul>\n","protected":false},"excerpt":{"rendered":"<p>Kebler KM8-Pro17: Caracter\u00edsticas Clave &nbsp; Tipo: Consola o Mezcladora de audio Pasiva (Anal\u00f3gica) con faders deslizantes. Canales: 8 Canales de Entrada (generalmente 6 Mono de Mic\/L\u00ednea + 1 Est\u00e9reo de L\u00ednea). Entradas: Conectores Combo (XLR para Micr\u00f3fono) y Jack $6.3$ mm. Ecualizaci\u00f3n: 3 Bandas (Agudos, Medios, Graves) en los canales Mono. Efectos: DSP (Digital Signal [&hellip;]<\/p>\n","protected":false},"featured_media":767,"comment_status":"open","ping_status":"closed","template":"","meta":{"site-container-style":"default","site-container-layout":"default","site-sidebar-layout":"default","site-transparent-header":"default","disable-article-header":"default","disable-site-header":"default","disable-site-footer":"default","disable-content-area-spacing":"default","advanced_seo_description":"","jetpack_seo_html_title":"","jetpack_seo_noindex":false},"product_brand":[184],"product_cat":[285],"product_tag":[165,335,327,331,337,334,330,328,332,329,333,336],"class_list":{"0":"post-766","1":"product","2":"type-product","3":"status-publish","4":"has-post-thumbnail","6":"product_brand-kebler","7":"product_cat-consolas","8":"product_tag-audio-profesional","9":"product_tag-consola-analogica-8-canales","10":"product_tag-consola-de-audio-kebler-km8-pro17","11":"product_tag-consola-para-grabacion","12":"product_tag-efectos-integrados","13":"product_tag-kebler-audio","14":"product_tag-mesa-de-mezclas-profesional","15":"product_tag-mezcladora-kebler-8-canales","16":"product_tag-mezcladora-para-estudio","17":"product_tag-mixer-km8-pro17","18":"product_tag-mixer-para-sonido-en-vivo","19":"product_tag-pre-amplificadores-de-microfono","21":"first","22":"instock","23":"taxable","24":"shipping-taxable","25":"purchasable","26":"product-type-simple"},"jetpack_sharing_enabled":true,"_links":{"self":[{"href":"https:\/\/megaequiposdj.com\/index.php\/wp-json\/wp\/v2\/product\/766","targetHints":{"allow":["GET"]}}],"collection":[{"href":"https:\/\/megaequiposdj.com\/index.php\/wp-json\/wp\/v2\/product"}],"about":[{"href":"https:\/\/megaequiposdj.com\/index.php\/wp-json\/wp\/v2\/types\/product"}],"replies":[{"embeddable":true,"href":"https:\/\/megaequiposdj.com\/index.php\/wp-json\/wp\/v2\/comments?post=766"}],"wp:featuredmedia":[{"embeddable":true,"href":"https:\/\/megaequiposdj.com\/index.php\/wp-json\/wp\/v2\/media\/767"}],"wp:attachment":[{"href":"https:\/\/megaequiposdj.com\/index.php\/wp-json\/wp\/v2\/media?parent=766"}],"wp:term":[{"taxonomy":"product_brand","embeddable":true,"href":"https:\/\/megaequiposdj.com\/index.php\/wp-json\/wp\/v2\/product_brand?post=766"},{"taxonomy":"product_cat","embeddable":true,"href":"https:\/\/megaequiposdj.com\/index.php\/wp-json\/wp\/v2\/product_cat?post=766"},{"taxonomy":"product_tag","embeddable":true,"href":"https:\/\/megaequiposdj.com\/index.php\/wp-json\/wp\/v2\/product_tag?post=766"}],"curies":[{"name":"wp","href":"https:\/\/api.w.org\/{rel}","templated":true}]}}