{"id":764,"date":"2025-11-24T11:42:10","date_gmt":"2025-11-24T16:42:10","guid":{"rendered":"https:\/\/megaequiposdj.com\/?post_type=product&#038;p=764"},"modified":"2025-11-24T11:42:11","modified_gmt":"2025-11-24T16:42:11","slug":"consola-best-sound-mx-atomic6","status":"publish","type":"product","link":"https:\/\/megaequiposdj.com\/index.php\/product\/consola-best-sound-mx-atomic6\/","title":{"rendered":"Consola Best Sound MX-ATOMIC6"},"content":{"rendered":"<h3>BEST SOUND MX-ATOMIC6: Caracter\u00edsticas Clave<\/h3>\n<p>&nbsp;<\/p>\n<ul data-path-to-node=\"2\">\n<li>\n<p data-path-to-node=\"2,0,0\"><b>Tipo:<\/b> Consola o Mezcladora de audio <b>Pasiva<\/b> (Anal\u00f3gica).<\/p>\n<\/li>\n<li>\n<p data-path-to-node=\"2,1,0\"><b>Canales:<\/b> <b>6 Entradas<\/b> (com\u00fanmente 4 Mono, que usan conectores combo XLR\/Jack, m\u00e1s 1 Est\u00e9reo).<\/p>\n<\/li>\n<li>\n<p data-path-to-node=\"2,2,0\"><b>Ecualizaci\u00f3n:<\/b> <b>3 Bandas<\/b> (Agudos, Medios y Graves) por canal.<\/p>\n<\/li>\n<li>\n<p data-path-to-node=\"2,3,0\"><b>Alimentaci\u00f3n:<\/b> Incluye <b>Phantom Power de <span class=\"math-inline\" data-math=\"+48\">$+48$<\/span> V<\/b> (para micr\u00f3fonos de condensador).<\/p>\n<\/li>\n<li>\n<p data-path-to-node=\"2,4,0\"><b>Efectos:<\/b> <b>DSP<\/b> (Digital Signal Processor) con <b>16 presets<\/b> de efectos incorporados (incluye Delay, Echo, Reverb, etc.).<\/p>\n<\/li>\n<li>\n<p data-path-to-node=\"2,5,0\"><b>Conectividad:<\/b> <b>USB<\/b> (para reproducci\u00f3n MP3, grabaci\u00f3n e interfaz de PC) y <b>Bluetooth<\/b>.<\/p>\n<\/li>\n<li>\n<p data-path-to-node=\"2,6,0\"><b>Adicional:<\/b> Salida principal con faders deslizantes.<\/p>\n<\/li>\n<li>\n<p data-path-to-node=\"2,7,0\"><b>Uso:<\/b> Adecuada para grabaciones de estudio sencillas, sonido en vivo de peque\u00f1o formato y karaoke.<\/p>\n<\/li>\n<\/ul>\n","protected":false},"excerpt":{"rendered":"<p>BEST SOUND MX-ATOMIC6: Caracter\u00edsticas Clave &nbsp; Tipo: Consola o Mezcladora de audio Pasiva (Anal\u00f3gica). Canales: 6 Entradas (com\u00fanmente 4 Mono, que usan conectores combo XLR\/Jack, m\u00e1s 1 Est\u00e9reo). Ecualizaci\u00f3n: 3 Bandas (Agudos, Medios y Graves) por canal. Alimentaci\u00f3n: Incluye Phantom Power de $+48$ V (para micr\u00f3fonos de condensador). Efectos: DSP (Digital Signal Processor) con 16 [&hellip;]<\/p>\n","protected":false},"featured_media":765,"comment_status":"open","ping_status":"closed","template":"","meta":{"site-container-style":"default","site-container-layout":"default","site-sidebar-layout":"default","site-transparent-header":"default","disable-article-header":"default","disable-site-header":"default","disable-site-footer":"default","disable-content-area-spacing":"default","advanced_seo_description":"","jetpack_seo_html_title":"","jetpack_seo_noindex":false},"product_brand":[299],"product_cat":[285],"product_tag":[296,326,321,319,323,324,289,291,320,322,325],"class_list":{"0":"post-764","1":"product","2":"type-product","3":"status-publish","4":"has-post-thumbnail","6":"product_brand-bestsound","7":"product_cat-consolas","8":"product_tag-audio-y-sonido","9":"product_tag-consola-analogica","10":"product_tag-consola-best-sound","11":"product_tag-consola-de-mezclas-best-sound-mx-atomic6","12":"product_tag-consola-para-sonido-en-vivo","13":"product_tag-estudio-casero","14":"product_tag-mesa-de-mezclas-compacta","15":"product_tag-mezcladora-de-audio","16":"product_tag-mixer-mx-atomic6","17":"product_tag-mixer-para-dj","18":"product_tag-mixer-profesional","20":"first","21":"instock","22":"taxable","23":"shipping-taxable","24":"purchasable","25":"product-type-simple"},"jetpack_sharing_enabled":true,"_links":{"self":[{"href":"https:\/\/megaequiposdj.com\/index.php\/wp-json\/wp\/v2\/product\/764","targetHints":{"allow":["GET"]}}],"collection":[{"href":"https:\/\/megaequiposdj.com\/index.php\/wp-json\/wp\/v2\/product"}],"about":[{"href":"https:\/\/megaequiposdj.com\/index.php\/wp-json\/wp\/v2\/types\/product"}],"replies":[{"embeddable":true,"href":"https:\/\/megaequiposdj.com\/index.php\/wp-json\/wp\/v2\/comments?post=764"}],"wp:featuredmedia":[{"embeddable":true,"href":"https:\/\/megaequiposdj.com\/index.php\/wp-json\/wp\/v2\/media\/765"}],"wp:attachment":[{"href":"https:\/\/megaequiposdj.com\/index.php\/wp-json\/wp\/v2\/media?parent=764"}],"wp:term":[{"taxonomy":"product_brand","embeddable":true,"href":"https:\/\/megaequiposdj.com\/index.php\/wp-json\/wp\/v2\/product_brand?post=764"},{"taxonomy":"product_cat","embeddable":true,"href":"https:\/\/megaequiposdj.com\/index.php\/wp-json\/wp\/v2\/product_cat?post=764"},{"taxonomy":"product_tag","embeddable":true,"href":"https:\/\/megaequiposdj.com\/index.php\/wp-json\/wp\/v2\/product_tag?post=764"}],"curies":[{"name":"wp","href":"https:\/\/api.w.org\/{rel}","templated":true}]}}