{"id":759,"date":"2025-11-21T11:31:43","date_gmt":"2025-11-21T16:31:43","guid":{"rendered":"https:\/\/megaequiposdj.com\/?post_type=product&#038;p=759"},"modified":"2025-11-21T11:31:43","modified_gmt":"2025-11-21T16:31:43","slug":"consola-pasiva-4-canales-mx-killer6-best-sound","status":"publish","type":"product","link":"https:\/\/megaequiposdj.com\/index.php\/product\/consola-pasiva-4-canales-mx-killer6-best-sound\/","title":{"rendered":"Consola Pasiva 4 Canales MX-KILLER6 BEST SOUND"},"content":{"rendered":"<h3>BEST SOUND MX-KILLER6: Caracter\u00edsticas Clave<\/h3>\n<p>&nbsp;<\/p>\n<ul data-path-to-node=\"3\">\n<li>\n<p data-path-to-node=\"3,0,0\"><b>Tipo:<\/b> Consola o Mezcladora de audio <b>Pasiva<\/b> (Anal\u00f3gica) con faders deslizantes.<\/p>\n<\/li>\n<li>\n<p data-path-to-node=\"3,1,0\"><b>Canales:<\/b> <b>6 Entradas<\/b> (com\u00fanmente 4 Mono, que usan conectores combo XLR\/Jack, m\u00e1s 1 Est\u00e9reo).<\/p>\n<\/li>\n<li>\n<p data-path-to-node=\"3,2,0\"><b>Ecualizaci\u00f3n:<\/b> <b>2 Bandas<\/b> (Agudos y Bajos) por canal.<\/p>\n<\/li>\n<li>\n<p data-path-to-node=\"3,3,0\"><b>Alimentaci\u00f3n:<\/b> Incluye <b>Phantom Power de <span class=\"math-inline\" data-math=\"+48\">$+48$<\/span> V<\/b> (para micr\u00f3fonos de condensador).<\/p>\n<\/li>\n<li>\n<p data-path-to-node=\"3,4,0\"><b>Efectos:<\/b> <b>DSP<\/b> (Digital Signal Processor) con <b>16 presets<\/b> de efectos incorporados (incluye Delay, Echo, Reverb, etc.).<\/p>\n<\/li>\n<li>\n<p data-path-to-node=\"3,5,0\"><b>Conectividad:<\/b> <b>USB<\/b> (para reproducci\u00f3n MP3, grabaci\u00f3n e interfaz de PC) y <b>Bluetooth<\/b>.<\/p>\n<\/li>\n<li>\n<p data-path-to-node=\"3,6,0\"><b>Uso:<\/b> Ideal para karaoke, eventos peque\u00f1os, grabaciones sencillas y streaming.<\/p>\n<\/li>\n<\/ul>\n","protected":false},"excerpt":{"rendered":"<p>BEST SOUND MX-KILLER6: Caracter\u00edsticas Clave &nbsp; Tipo: Consola o Mezcladora de audio Pasiva (Anal\u00f3gica) con faders deslizantes. Canales: 6 Entradas (com\u00fanmente 4 Mono, que usan conectores combo XLR\/Jack, m\u00e1s 1 Est\u00e9reo). Ecualizaci\u00f3n: 2 Bandas (Agudos y Bajos) por canal. Alimentaci\u00f3n: Incluye Phantom Power de $+48$ V (para micr\u00f3fonos de condensador). Efectos: DSP (Digital Signal Processor) [&hellip;]<\/p>\n","protected":false},"featured_media":760,"comment_status":"open","ping_status":"closed","template":"","meta":{"site-container-style":"default","site-container-layout":"default","site-sidebar-layout":"default","site-transparent-header":"default","disable-article-header":"default","disable-site-header":"default","disable-site-footer":"default","disable-content-area-spacing":"default","advanced_seo_description":"","jetpack_seo_html_title":"","jetpack_seo_noindex":false},"product_brand":[299],"product_cat":[285],"product_tag":[296,305,303,307,300,97,304,301,306,302,293,308],"class_list":{"0":"post-759","1":"product","2":"type-product","3":"status-publish","4":"has-post-thumbnail","6":"product_brand-bestsound","7":"product_cat-consolas","8":"product_tag-audio-y-sonido","9":"product_tag-best-sound-audio","10":"product_tag-consola-de-audio-compacta","11":"product_tag-consola-para-ensayos","12":"product_tag-consola-pasiva-mx-killer6","13":"product_tag-entrada-microfono","14":"product_tag-mesa-de-mezclas-pequena","15":"product_tag-mezcladora-4-canales-best-sound","16":"product_tag-mezcladora-economica","17":"product_tag-mixer-mx-killer6","18":"product_tag-mixer-para-karaoke","19":"product_tag-salida-main","21":"first","22":"instock","23":"taxable","24":"shipping-taxable","25":"purchasable","26":"product-type-simple"},"jetpack_sharing_enabled":true,"_links":{"self":[{"href":"https:\/\/megaequiposdj.com\/index.php\/wp-json\/wp\/v2\/product\/759","targetHints":{"allow":["GET"]}}],"collection":[{"href":"https:\/\/megaequiposdj.com\/index.php\/wp-json\/wp\/v2\/product"}],"about":[{"href":"https:\/\/megaequiposdj.com\/index.php\/wp-json\/wp\/v2\/types\/product"}],"replies":[{"embeddable":true,"href":"https:\/\/megaequiposdj.com\/index.php\/wp-json\/wp\/v2\/comments?post=759"}],"wp:featuredmedia":[{"embeddable":true,"href":"https:\/\/megaequiposdj.com\/index.php\/wp-json\/wp\/v2\/media\/760"}],"wp:attachment":[{"href":"https:\/\/megaequiposdj.com\/index.php\/wp-json\/wp\/v2\/media?parent=759"}],"wp:term":[{"taxonomy":"product_brand","embeddable":true,"href":"https:\/\/megaequiposdj.com\/index.php\/wp-json\/wp\/v2\/product_brand?post=759"},{"taxonomy":"product_cat","embeddable":true,"href":"https:\/\/megaequiposdj.com\/index.php\/wp-json\/wp\/v2\/product_cat?post=759"},{"taxonomy":"product_tag","embeddable":true,"href":"https:\/\/megaequiposdj.com\/index.php\/wp-json\/wp\/v2\/product_tag?post=759"}],"curies":[{"name":"wp","href":"https:\/\/api.w.org\/{rel}","templated":true}]}}