{"id":757,"date":"2025-11-20T11:14:10","date_gmt":"2025-11-20T16:14:10","guid":{"rendered":"https:\/\/megaequiposdj.com\/?post_type=product&#038;p=757"},"modified":"2025-11-20T11:14:11","modified_gmt":"2025-11-20T16:14:11","slug":"mezcladora-pasiva-de-4-canales-pmx-m4","status":"publish","type":"product","link":"https:\/\/megaequiposdj.com\/index.php\/product\/mezcladora-pasiva-de-4-canales-pmx-m4\/","title":{"rendered":"Mezcladora Pasiva de 4 Canales PMX-M4"},"content":{"rendered":"<h3>Mezcladora PMX-M4: Caracter\u00edsticas Clave<\/h3>\n<p>&nbsp;<\/p>\n<ul data-path-to-node=\"3\">\n<li>\n<p data-path-to-node=\"3,0,0\"><b>Tipo:<\/b> Consola o Mezcladora de audio <b>Pasiva<\/b> (No amplificada).<\/p>\n<\/li>\n<li>\n<p data-path-to-node=\"3,1,0\"><b>Canales:<\/b> <b>4 Canales de Entrada<\/b> totales.<\/p>\n<ul data-path-to-node=\"3,1,1\">\n<li>\n<p data-path-to-node=\"3,1,1,0,0\">Generalmente: 2 Canales MONO (Mic\/L\u00ednea) y 1 Canal EST\u00c9REO (L\u00ednea).<\/p>\n<\/li>\n<\/ul>\n<\/li>\n<li>\n<p data-path-to-node=\"3,2,0\"><b>Entradas MONO:<\/b> Conectores Combo (XLR para Micr\u00f3fono y Jack <span class=\"math-inline\" data-math=\"6.3\">$6.3$<\/span> mm para L\u00ednea).<\/p>\n<\/li>\n<li>\n<p data-path-to-node=\"3,3,0\"><b>Ecualizaci\u00f3n:<\/b> <b>3 Bandas<\/b> de ecualizaci\u00f3n por canal (Agudos, Medios, Graves).<\/p>\n<\/li>\n<li>\n<p data-path-to-node=\"3,4,0\"><b>Conectividad Digital:<\/b> Incluye <b>USB<\/b> (para reproducci\u00f3n\/grabaci\u00f3n PC Link) y <b>Bluetooth<\/b>.<\/p>\n<\/li>\n<li>\n<p data-path-to-node=\"3,5,0\"><b>Efectos:<\/b> <b>DSP<\/b> (Digital Signal Processor) con un alto n\u00famero de <b>presets<\/b> incorporados (a menudo 99).<\/p>\n<\/li>\n<li>\n<p data-path-to-node=\"3,6,0\"><b>Alimentaci\u00f3n:<\/b> Incluye alimentaci\u00f3n <b>Phantom Power de <span class=\"math-inline\" data-math=\"+48\">$+48$<\/span> V<\/b> (para micr\u00f3fonos de condensador).<\/p>\n<\/li>\n<li>\n<p data-path-to-node=\"3,7,0\"><b>Salidas:<\/b> Salida principal est\u00e9reo con conectores <b>XLR<\/b> y salida de aud\u00edfonos con control de volumen independiente.<\/p>\n<\/li>\n<\/ul>\n","protected":false},"excerpt":{"rendered":"<p>Mezcladora PMX-M4: Caracter\u00edsticas Clave &nbsp; Tipo: Consola o Mezcladora de audio Pasiva (No amplificada). Canales: 4 Canales de Entrada totales. Generalmente: 2 Canales MONO (Mic\/L\u00ednea) y 1 Canal EST\u00c9REO (L\u00ednea). Entradas MONO: Conectores Combo (XLR para Micr\u00f3fono y Jack $6.3$ mm para L\u00ednea). Ecualizaci\u00f3n: 3 Bandas de ecualizaci\u00f3n por canal (Agudos, Medios, Graves). Conectividad Digital: [&hellip;]<\/p>\n","protected":false},"featured_media":758,"comment_status":"open","ping_status":"closed","template":"","meta":{"site-container-style":"default","site-container-layout":"default","site-sidebar-layout":"default","site-transparent-header":"default","disable-article-header":"default","disable-site-header":"default","disable-site-footer":"default","disable-content-area-spacing":"default","advanced_seo_description":"","jetpack_seo_html_title":"","jetpack_seo_noindex":false},"product_brand":[74],"product_cat":[285],"product_tag":[296,287,292,298,297,289,291,286,295,288,293,290,294],"class_list":{"0":"post-757","1":"product","2":"type-product","3":"status-publish","4":"has-post-thumbnail","6":"product_brand-american-xtreme","7":"product_cat-consolas","8":"product_tag-audio-y-sonido","9":"product_tag-consola-de-4-canales","10":"product_tag-consola-para-dj","11":"product_tag-entrada-jack-6-3mm","12":"product_tag-entrada-rca","13":"product_tag-mesa-de-mezclas-compacta","14":"product_tag-mezcladora-de-audio","15":"product_tag-mezcladora-pasiva-pmx-m4","16":"product_tag-mezcladora-pequena","17":"product_tag-mixer-4-canales","18":"product_tag-mixer-para-karaoke","19":"product_tag-pmx-m4","20":"product_tag-uso-domestico","22":"first","23":"instock","24":"taxable","25":"shipping-taxable","26":"purchasable","27":"product-type-simple"},"jetpack_sharing_enabled":true,"_links":{"self":[{"href":"https:\/\/megaequiposdj.com\/index.php\/wp-json\/wp\/v2\/product\/757","targetHints":{"allow":["GET"]}}],"collection":[{"href":"https:\/\/megaequiposdj.com\/index.php\/wp-json\/wp\/v2\/product"}],"about":[{"href":"https:\/\/megaequiposdj.com\/index.php\/wp-json\/wp\/v2\/types\/product"}],"replies":[{"embeddable":true,"href":"https:\/\/megaequiposdj.com\/index.php\/wp-json\/wp\/v2\/comments?post=757"}],"wp:featuredmedia":[{"embeddable":true,"href":"https:\/\/megaequiposdj.com\/index.php\/wp-json\/wp\/v2\/media\/758"}],"wp:attachment":[{"href":"https:\/\/megaequiposdj.com\/index.php\/wp-json\/wp\/v2\/media?parent=757"}],"wp:term":[{"taxonomy":"product_brand","embeddable":true,"href":"https:\/\/megaequiposdj.com\/index.php\/wp-json\/wp\/v2\/product_brand?post=757"},{"taxonomy":"product_cat","embeddable":true,"href":"https:\/\/megaequiposdj.com\/index.php\/wp-json\/wp\/v2\/product_cat?post=757"},{"taxonomy":"product_tag","embeddable":true,"href":"https:\/\/megaequiposdj.com\/index.php\/wp-json\/wp\/v2\/product_tag?post=757"}],"curies":[{"name":"wp","href":"https:\/\/api.w.org\/{rel}","templated":true}]}}