{"id":755,"date":"2025-11-20T11:10:42","date_gmt":"2025-11-20T16:10:42","guid":{"rendered":"https:\/\/megaequiposdj.com\/?post_type=product&#038;p=755"},"modified":"2025-11-20T11:10:43","modified_gmt":"2025-11-20T16:10:43","slug":"pedestal-para-microfono-pro-lok-pms-500","status":"publish","type":"product","link":"https:\/\/megaequiposdj.com\/index.php\/product\/pedestal-para-microfono-pro-lok-pms-500\/","title":{"rendered":"Pedestal para microfono Pro-Lok PMS-500"},"content":{"rendered":"<h3>Pro-Lok PMS-500: Caracter\u00edsticas Clave (Modelo Corto\/Apilable)<\/h3>\n<p>&nbsp;<\/p>\n<ul data-path-to-node=\"4\">\n<li>\n<p data-path-to-node=\"4,0,0\"><b>Tipo:<\/b> Pedestal de micr\u00f3fono <b>Recto<\/b> (sin boom).<\/p>\n<\/li>\n<li>\n<p data-path-to-node=\"4,1,0\"><b>Base:<\/b> <b>Redonda<\/b> de <b>hierro fundido<\/b> (tipo \u00abC\u00bb o semicircular), dise\u00f1ada para ser <b>apilable<\/b> y ahorrar espacio.<\/p>\n<\/li>\n<li>\n<p data-path-to-node=\"4,2,0\"><b>Material:<\/b> <b>Metal<\/b> (Aleaci\u00f3n de hierro).<\/p>\n<\/li>\n<li>\n<p data-path-to-node=\"4,3,0\"><b>Altura Aproximada (M\u00ednima):<\/b> <b>440 mm<\/b> (17.32 pulgadas).<\/p>\n<\/li>\n<li>\n<p data-path-to-node=\"4,4,0\"><b>Peso:<\/b> <b>1.5 Kg<\/b> (3.3 lbs).<\/p>\n<\/li>\n<li>\n<p data-path-to-node=\"4,5,0\"><b>Uso:<\/b> Ideal para micr\u00f3fonos de <b>Bombo<\/b>, amplificadores de guitarra o como soporte de mesa.<\/p>\n<\/li>\n<\/ul>\n","protected":false},"excerpt":{"rendered":"<p>Pro-Lok PMS-500: Caracter\u00edsticas Clave (Modelo Corto\/Apilable) &nbsp; Tipo: Pedestal de micr\u00f3fono Recto (sin boom). Base: Redonda de hierro fundido (tipo \u00abC\u00bb o semicircular), dise\u00f1ada para ser apilable y ahorrar espacio. Material: Metal (Aleaci\u00f3n de hierro). Altura Aproximada (M\u00ednima): 440 mm (17.32 pulgadas). Peso: 1.5 Kg (3.3 lbs). Uso: Ideal para micr\u00f3fonos de Bombo, amplificadores de [&hellip;]<\/p>\n","protected":false},"featured_media":756,"comment_status":"open","ping_status":"closed","template":"","meta":{"site-container-style":"default","site-container-layout":"default","site-sidebar-layout":"default","site-transparent-header":"default","disable-article-header":"default","disable-site-header":"default","disable-site-footer":"default","disable-content-area-spacing":"default","advanced_seo_description":"","jetpack_seo_html_title":"","jetpack_seo_noindex":false},"product_brand":[274],"product_cat":[183,216],"product_tag":[165,278,282,281,275,279,284,277,283,276,191,280],"class_list":{"0":"post-755","1":"product","2":"type-product","3":"status-publish","4":"has-post-thumbnail","6":"product_brand-pro-lock","7":"product_cat-pedestal","8":"product_cat-pedestal-de-microfono","9":"product_tag-audio-profesional","10":"product_tag-base-de-microfono-pesada","11":"product_tag-base-para-vocales","12":"product_tag-microfono-de-voz","13":"product_tag-pedestal-microfono-pro-lok-pms-500","14":"product_tag-pedestal-vertical","15":"product_tag-pro-lok","16":"product_tag-pro-lok-pms-500","17":"product_tag-soporte-de-microfono-fijo","18":"product_tag-soporte-microfono-base-redonda","19":"product_tag-stand-para-microfono","20":"product_tag-uso-en-escenario","22":"first","23":"instock","24":"taxable","25":"shipping-taxable","26":"purchasable","27":"product-type-simple"},"jetpack_sharing_enabled":true,"_links":{"self":[{"href":"https:\/\/megaequiposdj.com\/index.php\/wp-json\/wp\/v2\/product\/755","targetHints":{"allow":["GET"]}}],"collection":[{"href":"https:\/\/megaequiposdj.com\/index.php\/wp-json\/wp\/v2\/product"}],"about":[{"href":"https:\/\/megaequiposdj.com\/index.php\/wp-json\/wp\/v2\/types\/product"}],"replies":[{"embeddable":true,"href":"https:\/\/megaequiposdj.com\/index.php\/wp-json\/wp\/v2\/comments?post=755"}],"wp:featuredmedia":[{"embeddable":true,"href":"https:\/\/megaequiposdj.com\/index.php\/wp-json\/wp\/v2\/media\/756"}],"wp:attachment":[{"href":"https:\/\/megaequiposdj.com\/index.php\/wp-json\/wp\/v2\/media?parent=755"}],"wp:term":[{"taxonomy":"product_brand","embeddable":true,"href":"https:\/\/megaequiposdj.com\/index.php\/wp-json\/wp\/v2\/product_brand?post=755"},{"taxonomy":"product_cat","embeddable":true,"href":"https:\/\/megaequiposdj.com\/index.php\/wp-json\/wp\/v2\/product_cat?post=755"},{"taxonomy":"product_tag","embeddable":true,"href":"https:\/\/megaequiposdj.com\/index.php\/wp-json\/wp\/v2\/product_tag?post=755"}],"curies":[{"name":"wp","href":"https:\/\/api.w.org\/{rel}","templated":true}]}}