{"id":753,"date":"2025-11-20T11:06:56","date_gmt":"2025-11-20T16:06:56","guid":{"rendered":"https:\/\/megaequiposdj.com\/?post_type=product&#038;p=753"},"modified":"2025-11-20T11:17:22","modified_gmt":"2025-11-20T16:17:22","slug":"pedestal-para-microfono-feur-fu-9r","status":"publish","type":"product","link":"https:\/\/megaequiposdj.com\/index.php\/product\/pedestal-para-microfono-feur-fu-9r\/","title":{"rendered":"PEDESTAL PARA MICR\u00d3FONO FEUR FU-9R"},"content":{"rendered":"<h3>FEUR FU-9R: Caracter\u00edsticas Clave<\/h3>\n<p>&nbsp;<\/p>\n<ul data-path-to-node=\"2\">\n<li>\n<p data-path-to-node=\"2,0,0\"><b>Tipo:<\/b> Pedestal de micr\u00f3fono de piso con <b>Boom<\/b> (Brazo extensible).<\/p>\n<\/li>\n<li>\n<p data-path-to-node=\"2,1,0\"><b>Dise\u00f1o:<\/b> Soporte profesional de escenario.<\/p>\n<\/li>\n<li>\n<p data-path-to-node=\"2,2,0\"><b>Material:<\/b> Principalmente <b>Aluminio<\/b> con uniones y base s\u00f3lida para estabilidad.<\/p>\n<\/li>\n<li>\n<p data-path-to-node=\"2,3,0\"><b>Altura Ajustable:<\/b> Rango de <b>1.0 a 1.7 metros<\/b> (aproximadamente 3.4 a 5.5 pies).<\/p>\n<\/li>\n<li>\n<p data-path-to-node=\"2,4,0\"><b>Peso:<\/b> Alrededor de <b>3.2 Kg<\/b> (7 libras).<\/p>\n<\/li>\n<li>\n<p data-path-to-node=\"2,5,0\"><b>Acabado:<\/b> Pintura en polvo <b>negra<\/b> (a menudo presenta detalles en color rojo en la base o ajustes).<\/p>\n<\/li>\n<li>\n<p data-path-to-node=\"2,6,0\"><b>Uso:<\/b> Ideal para actuaciones en vivo, grabaciones y uso profesional.<\/p>\n<\/li>\n<\/ul>\n","protected":false},"excerpt":{"rendered":"<p>FEUR FU-9R: Caracter\u00edsticas Clave &nbsp; Tipo: Pedestal de micr\u00f3fono de piso con Boom (Brazo extensible). Dise\u00f1o: Soporte profesional de escenario. Material: Principalmente Aluminio con uniones y base s\u00f3lida para estabilidad. Altura Ajustable: Rango de 1.0 a 1.7 metros (aproximadamente 3.4 a 5.5 pies). Peso: Alrededor de 3.2 Kg (7 libras). Acabado: Pintura en polvo negra [&hellip;]<\/p>\n","protected":false},"featured_media":754,"comment_status":"open","ping_status":"closed","template":"","meta":{"site-container-style":"default","site-container-layout":"default","site-sidebar-layout":"default","site-transparent-header":"default","disable-article-header":"default","disable-site-header":"default","disable-site-footer":"default","disable-content-area-spacing":"default","advanced_seo_description":"","jetpack_seo_html_title":"","jetpack_seo_noindex":false},"product_brand":[264],"product_cat":[18,183,216],"product_tag":[225,223,221,270,273,267,269,265,271,266,268,272],"class_list":{"0":"post-753","1":"product","2":"type-product","3":"status-publish","4":"has-post-thumbnail","6":"product_brand-feur","7":"product_cat-categorias","8":"product_cat-pedestal","9":"product_cat-pedestal-de-microfono","10":"product_tag-accesorios-de-audio","11":"product_tag-altura-ajustable","12":"product_tag-base-plegable","13":"product_tag-brazo-boom","14":"product_tag-feur","15":"product_tag-feur-fu-9r","16":"product_tag-pedestal-con-tripode","17":"product_tag-pedestal-microfono-feur-fu-9r","18":"product_tag-soporte-de-microfono-negro","19":"product_tag-soporte-microfono-jirafa-fu-9r","20":"product_tag-stand-para-microfono-profesional","21":"product_tag-uso-escenario-y-estudio","23":"first","24":"instock","25":"taxable","26":"shipping-taxable","27":"purchasable","28":"product-type-simple"},"jetpack_sharing_enabled":true,"_links":{"self":[{"href":"https:\/\/megaequiposdj.com\/index.php\/wp-json\/wp\/v2\/product\/753","targetHints":{"allow":["GET"]}}],"collection":[{"href":"https:\/\/megaequiposdj.com\/index.php\/wp-json\/wp\/v2\/product"}],"about":[{"href":"https:\/\/megaequiposdj.com\/index.php\/wp-json\/wp\/v2\/types\/product"}],"replies":[{"embeddable":true,"href":"https:\/\/megaequiposdj.com\/index.php\/wp-json\/wp\/v2\/comments?post=753"}],"wp:featuredmedia":[{"embeddable":true,"href":"https:\/\/megaequiposdj.com\/index.php\/wp-json\/wp\/v2\/media\/754"}],"wp:attachment":[{"href":"https:\/\/megaequiposdj.com\/index.php\/wp-json\/wp\/v2\/media?parent=753"}],"wp:term":[{"taxonomy":"product_brand","embeddable":true,"href":"https:\/\/megaequiposdj.com\/index.php\/wp-json\/wp\/v2\/product_brand?post=753"},{"taxonomy":"product_cat","embeddable":true,"href":"https:\/\/megaequiposdj.com\/index.php\/wp-json\/wp\/v2\/product_cat?post=753"},{"taxonomy":"product_tag","embeddable":true,"href":"https:\/\/megaequiposdj.com\/index.php\/wp-json\/wp\/v2\/product_tag?post=753"}],"curies":[{"name":"wp","href":"https:\/\/api.w.org\/{rel}","templated":true}]}}