{"id":749,"date":"2025-11-20T11:00:03","date_gmt":"2025-11-20T16:00:03","guid":{"rendered":"https:\/\/megaequiposdj.com\/?post_type=product&#038;p=749"},"modified":"2025-11-20T11:00:11","modified_gmt":"2025-11-20T16:00:11","slug":"pedestal-para-parlante-sb-16-american-xtreme","status":"publish","type":"product","link":"https:\/\/megaequiposdj.com\/index.php\/product\/pedestal-para-parlante-sb-16-american-xtreme\/","title":{"rendered":"Pedestal Para Parlante SB-16 American Xtreme"},"content":{"rendered":"<h3>American Xtreme SB-16: Caracter\u00edsticas Clave<\/h3>\n<p>&nbsp;<\/p>\n<ul data-path-to-node=\"2\">\n<li>\n<p data-path-to-node=\"2,0,0\"><b>Uso Principal:<\/b> Pedestal o Soporte de piso para <b>Caja Ac\u00fastica \/ Parlante<\/b>.<\/p>\n<\/li>\n<li>\n<p data-path-to-node=\"2,1,0\"><b>Base:<\/b> <b>Tr\u00edpode<\/b> de piso, plegable.<\/p>\n<\/li>\n<li>\n<p data-path-to-node=\"2,2,0\"><b>Material:<\/b> <b>Acero (100% metal)<\/b> para una construcci\u00f3n robusta y duradera.<\/p>\n<\/li>\n<li>\n<p data-path-to-node=\"2,3,0\"><b>Capacidad de Carga:<\/b> <b>60 Kg \/ 132 Lbs<\/b> (m\u00e1ximo).<\/p>\n<\/li>\n<li>\n<p data-path-to-node=\"2,4,0\"><b>Altura M\u00e1xima:<\/b> Aproximadamente <b>1.80 a 1.87 metros<\/b>.<\/p>\n<\/li>\n<li>\n<p data-path-to-node=\"2,5,0\"><b>Di\u00e1metro de Soporte:<\/b> <b>35 mm<\/b> (est\u00e1ndar para la mayor\u00eda de parlantes profesionales).<\/p>\n<\/li>\n<li>\n<p data-path-to-node=\"2,6,0\"><b>Ajustabilidad:<\/b> Altura <b>regulable<\/b> mediante pasador de seguridad.<\/p>\n<\/li>\n<\/ul>\n","protected":false},"excerpt":{"rendered":"<p>American Xtreme SB-16: Caracter\u00edsticas Clave &nbsp; Uso Principal: Pedestal o Soporte de piso para Caja Ac\u00fastica \/ Parlante. Base: Tr\u00edpode de piso, plegable. Material: Acero (100% metal) para una construcci\u00f3n robusta y duradera. Capacidad de Carga: 60 Kg \/ 132 Lbs (m\u00e1ximo). Altura M\u00e1xima: Aproximadamente 1.80 a 1.87 metros. Di\u00e1metro de Soporte: 35 mm (est\u00e1ndar [&hellip;]<\/p>\n","protected":false},"featured_media":750,"comment_status":"open","ping_status":"closed","template":"","meta":{"site-container-style":"default","site-container-layout":"default","site-sidebar-layout":"default","site-transparent-header":"default","disable-article-header":"default","disable-site-header":"default","disable-site-footer":"default","disable-content-area-spacing":"default","advanced_seo_description":"","jetpack_seo_html_title":"","jetpack_seo_noindex":false},"product_brand":[74],"product_cat":[183,215],"product_tag":[247,245,165,246,250,248,243,239,249,244,240,241,242],"class_list":{"0":"post-749","1":"product","2":"type-product","3":"status-publish","4":"has-post-thumbnail","6":"product_brand-american-xtreme","7":"product_cat-pedestal","8":"product_cat-pedestal-para-parlante","9":"product_tag-altura-regulable","10":"product_tag-american-xtreme-sb-16","11":"product_tag-audio-profesional","12":"product_tag-base-plegable-para-altavoz","13":"product_tag-carga-pesada","14":"product_tag-montaje-de-bafle","15":"product_tag-pedestal-acero","16":"product_tag-pedestal-para-parlante-sb-16","17":"product_tag-soporte-de-35mm","18":"product_tag-soporte-de-parlante-ajustable","19":"product_tag-soporte-metalico-american-xtreme","20":"product_tag-stand-para-bafle","21":"product_tag-tripode-para-altavoz","23":"first","24":"instock","25":"taxable","26":"shipping-taxable","27":"purchasable","28":"product-type-simple"},"jetpack_sharing_enabled":true,"_links":{"self":[{"href":"https:\/\/megaequiposdj.com\/index.php\/wp-json\/wp\/v2\/product\/749","targetHints":{"allow":["GET"]}}],"collection":[{"href":"https:\/\/megaequiposdj.com\/index.php\/wp-json\/wp\/v2\/product"}],"about":[{"href":"https:\/\/megaequiposdj.com\/index.php\/wp-json\/wp\/v2\/types\/product"}],"replies":[{"embeddable":true,"href":"https:\/\/megaequiposdj.com\/index.php\/wp-json\/wp\/v2\/comments?post=749"}],"wp:featuredmedia":[{"embeddable":true,"href":"https:\/\/megaequiposdj.com\/index.php\/wp-json\/wp\/v2\/media\/750"}],"wp:attachment":[{"href":"https:\/\/megaequiposdj.com\/index.php\/wp-json\/wp\/v2\/media?parent=749"}],"wp:term":[{"taxonomy":"product_brand","embeddable":true,"href":"https:\/\/megaequiposdj.com\/index.php\/wp-json\/wp\/v2\/product_brand?post=749"},{"taxonomy":"product_cat","embeddable":true,"href":"https:\/\/megaequiposdj.com\/index.php\/wp-json\/wp\/v2\/product_cat?post=749"},{"taxonomy":"product_tag","embeddable":true,"href":"https:\/\/megaequiposdj.com\/index.php\/wp-json\/wp\/v2\/product_tag?post=749"}],"curies":[{"name":"wp","href":"https:\/\/api.w.org\/{rel}","templated":true}]}}