{"id":747,"date":"2025-11-20T10:57:02","date_gmt":"2025-11-20T15:57:02","guid":{"rendered":"https:\/\/megaequiposdj.com\/?post_type=product&#038;p=747"},"modified":"2025-11-20T10:57:02","modified_gmt":"2025-11-20T15:57:02","slug":"pedestal-para-microfono-kebler-b14027","status":"publish","type":"product","link":"https:\/\/megaequiposdj.com\/index.php\/product\/pedestal-para-microfono-kebler-b14027\/","title":{"rendered":"Pedestal para microfono KEBLER B14027"},"content":{"rendered":"<h3>Kebler B14027: Caracter\u00edsticas Clave<\/h3>\n<p>&nbsp;<\/p>\n<ul data-path-to-node=\"3\">\n<li>\n<p data-path-to-node=\"3,0,0\"><b>Uso:<\/b> Pedestal o Soporte para <b>Caja Ac\u00fastica \/ Parlante<\/b>.<\/p>\n<\/li>\n<li>\n<p data-path-to-node=\"3,1,0\"><b>Tipo:<\/b> <b>Tr\u00edpode<\/b> de piso, plegable.<\/p>\n<\/li>\n<li>\n<p data-path-to-node=\"3,2,0\"><b>Material:<\/b> Estructura de <b>Acero<\/b> resistente.<\/p>\n<\/li>\n<li>\n<p data-path-to-node=\"3,3,0\"><b>Refuerzo:<\/b> Uniones con protecciones <b>met\u00e1licas<\/b>.<\/p>\n<\/li>\n<li>\n<p data-path-to-node=\"3,4,0\"><b>Capacidad de Carga:<\/b> M\u00e1ximo de <b>60 Kg<\/b> (132 Lbs).<\/p>\n<\/li>\n<li>\n<p data-path-to-node=\"3,5,0\"><b>Altura M\u00e1xima:<\/b> Aproximadamente <b>1.87 metros<\/b>.<\/p>\n<\/li>\n<li>\n<p data-path-to-node=\"3,6,0\"><b>Di\u00e1metro de Soporte:<\/b> <b>35 mm<\/b> (medida est\u00e1ndar para la mayor\u00eda de altavoces).<\/p>\n<\/li>\n<\/ul>\n","protected":false},"excerpt":{"rendered":"<p>Kebler B14027: Caracter\u00edsticas Clave &nbsp; Uso: Pedestal o Soporte para Caja Ac\u00fastica \/ Parlante. Tipo: Tr\u00edpode de piso, plegable. Material: Estructura de Acero resistente. Refuerzo: Uniones con protecciones met\u00e1licas. Capacidad de Carga: M\u00e1ximo de 60 Kg (132 Lbs). Altura M\u00e1xima: Aproximadamente 1.87 metros. Di\u00e1metro de Soporte: 35 mm (medida est\u00e1ndar para la mayor\u00eda de altavoces).<\/p>\n","protected":false},"featured_media":748,"comment_status":"open","ping_status":"closed","template":"","meta":{"site-container-style":"default","site-container-layout":"default","site-sidebar-layout":"default","site-transparent-header":"default","disable-article-header":"default","disable-site-header":"default","disable-site-footer":"default","disable-content-area-spacing":"default","advanced_seo_description":"","jetpack_seo_html_title":"","jetpack_seo_noindex":false},"product_brand":[184],"product_cat":[183,215],"product_tag":[238,236,233,230,235,231,228,232,234,229,193,237],"class_list":{"0":"post-747","1":"product","2":"type-product","3":"status-publish","4":"has-post-thumbnail","6":"product_brand-kebler","7":"product_cat-pedestal","8":"product_cat-pedestal-para-parlante","9":"product_tag-accesorios-para-grabacion","10":"product_tag-base-de-microfono-fija","11":"product_tag-base-pesada","12":"product_tag-base-redonda-microfono","13":"product_tag-kebler-b14027","14":"product_tag-pedestal-de-escritorio","15":"product_tag-pedestal-microfono-kebler-b14027","16":"product_tag-soporte-de-mesa-para-microfono","17":"product_tag-soporte-de-sobremesa","18":"product_tag-soporte-microfono-metalico","19":"product_tag-uso-estudio","20":"product_tag-uso-podcast","22":"first","23":"instock","24":"taxable","25":"shipping-taxable","26":"purchasable","27":"product-type-simple"},"jetpack_sharing_enabled":true,"_links":{"self":[{"href":"https:\/\/megaequiposdj.com\/index.php\/wp-json\/wp\/v2\/product\/747","targetHints":{"allow":["GET"]}}],"collection":[{"href":"https:\/\/megaequiposdj.com\/index.php\/wp-json\/wp\/v2\/product"}],"about":[{"href":"https:\/\/megaequiposdj.com\/index.php\/wp-json\/wp\/v2\/types\/product"}],"replies":[{"embeddable":true,"href":"https:\/\/megaequiposdj.com\/index.php\/wp-json\/wp\/v2\/comments?post=747"}],"wp:featuredmedia":[{"embeddable":true,"href":"https:\/\/megaequiposdj.com\/index.php\/wp-json\/wp\/v2\/media\/748"}],"wp:attachment":[{"href":"https:\/\/megaequiposdj.com\/index.php\/wp-json\/wp\/v2\/media?parent=747"}],"wp:term":[{"taxonomy":"product_brand","embeddable":true,"href":"https:\/\/megaequiposdj.com\/index.php\/wp-json\/wp\/v2\/product_brand?post=747"},{"taxonomy":"product_cat","embeddable":true,"href":"https:\/\/megaequiposdj.com\/index.php\/wp-json\/wp\/v2\/product_cat?post=747"},{"taxonomy":"product_tag","embeddable":true,"href":"https:\/\/megaequiposdj.com\/index.php\/wp-json\/wp\/v2\/product_tag?post=747"}],"curies":[{"name":"wp","href":"https:\/\/api.w.org\/{rel}","templated":true}]}}