{"id":745,"date":"2025-11-20T10:53:13","date_gmt":"2025-11-20T15:53:13","guid":{"rendered":"https:\/\/megaequiposdj.com\/?post_type=product&#038;p=745"},"modified":"2025-11-20T10:53:13","modified_gmt":"2025-11-20T15:53:13","slug":"pedestal-para-microfono-kebler-b14046","status":"publish","type":"product","link":"https:\/\/megaequiposdj.com\/index.php\/product\/pedestal-para-microfono-kebler-b14046\/","title":{"rendered":"Pedestal para microfono KEBLER B14046"},"content":{"rendered":"<h3>Kebler B14046: Caracter\u00edsticas Clave<\/h3>\n<p>&nbsp;<\/p>\n<ul data-path-to-node=\"2\">\n<li>\n<p data-path-to-node=\"2,0,0\"><b>Tipo:<\/b> Pedestal de micr\u00f3fono de <b>piso con Boom<\/b> (brazo extensible).<\/p>\n<\/li>\n<li>\n<p data-path-to-node=\"2,1,0\"><b>Base:<\/b> <b>Tr\u00edpode<\/b> plegable para mayor estabilidad y transporte.<\/p>\n<\/li>\n<li>\n<p data-path-to-node=\"2,2,0\"><b>Material:<\/b> Generalmente <b>metal<\/b> (acero) de construcci\u00f3n robusta.<\/p>\n<\/li>\n<li>\n<p data-path-to-node=\"2,3,0\"><b>Ajustabilidad:<\/b> Altura y \u00e1ngulo del brazo <b>totalmente ajustables<\/b>.<\/p>\n<\/li>\n<li>\n<p data-path-to-node=\"2,4,0\"><b>Rosca:<\/b> Incluye rosca universal para soportes de micr\u00f3fono (<span class=\"math-inline\" data-math=\"5\/8&quot;\">$5\/8&#8243;$<\/span>).<\/p>\n<\/li>\n<li>\n<p data-path-to-node=\"2,5,0\"><b>Uso:<\/b> Ideal para estudio, escenario o ensayo.<\/p>\n<\/li>\n<\/ul>\n","protected":false},"excerpt":{"rendered":"<p>Kebler B14046: Caracter\u00edsticas Clave &nbsp; Tipo: Pedestal de micr\u00f3fono de piso con Boom (brazo extensible). Base: Tr\u00edpode plegable para mayor estabilidad y transporte. Material: Generalmente metal (acero) de construcci\u00f3n robusta. Ajustabilidad: Altura y \u00e1ngulo del brazo totalmente ajustables. Rosca: Incluye rosca universal para soportes de micr\u00f3fono ($5\/8&#8243;$). Uso: Ideal para estudio, escenario o ensayo.<\/p>\n","protected":false},"featured_media":746,"comment_status":"open","ping_status":"closed","template":"","meta":{"site-container-style":"default","site-container-layout":"default","site-sidebar-layout":"default","site-transparent-header":"default","disable-article-header":"default","disable-site-header":"default","disable-site-footer":"default","disable-content-area-spacing":"default","advanced_seo_description":"","jetpack_seo_html_title":"","jetpack_seo_noindex":false},"product_brand":[184],"product_cat":[183,216],"product_tag":[225,223,227,221,198,226,222,217,199,218,224,219,220],"class_list":{"0":"post-745","1":"product","2":"type-product","3":"status-publish","4":"has-post-thumbnail","6":"product_brand-kebler","7":"product_cat-pedestal","8":"product_cat-pedestal-de-microfono","9":"product_tag-accesorios-de-audio","10":"product_tag-altura-ajustable","11":"product_tag-b14046","12":"product_tag-base-plegable","13":"product_tag-kebler-stands","14":"product_tag-microfono-y-grabacion","15":"product_tag-pedestal-kebler-profesional","16":"product_tag-pedestal-microfono-kebler-b14046","17":"product_tag-soporte-de-tripode","18":"product_tag-soporte-microfono-estudio","19":"product_tag-soporte-para-voz","20":"product_tag-stand-microfono-con-jirafa","21":"product_tag-tripode-con-brazo-boom","23":"first","24":"instock","25":"taxable","26":"shipping-taxable","27":"purchasable","28":"product-type-simple"},"jetpack_sharing_enabled":true,"_links":{"self":[{"href":"https:\/\/megaequiposdj.com\/index.php\/wp-json\/wp\/v2\/product\/745","targetHints":{"allow":["GET"]}}],"collection":[{"href":"https:\/\/megaequiposdj.com\/index.php\/wp-json\/wp\/v2\/product"}],"about":[{"href":"https:\/\/megaequiposdj.com\/index.php\/wp-json\/wp\/v2\/types\/product"}],"replies":[{"embeddable":true,"href":"https:\/\/megaequiposdj.com\/index.php\/wp-json\/wp\/v2\/comments?post=745"}],"wp:featuredmedia":[{"embeddable":true,"href":"https:\/\/megaequiposdj.com\/index.php\/wp-json\/wp\/v2\/media\/746"}],"wp:attachment":[{"href":"https:\/\/megaequiposdj.com\/index.php\/wp-json\/wp\/v2\/media?parent=745"}],"wp:term":[{"taxonomy":"product_brand","embeddable":true,"href":"https:\/\/megaequiposdj.com\/index.php\/wp-json\/wp\/v2\/product_brand?post=745"},{"taxonomy":"product_cat","embeddable":true,"href":"https:\/\/megaequiposdj.com\/index.php\/wp-json\/wp\/v2\/product_cat?post=745"},{"taxonomy":"product_tag","embeddable":true,"href":"https:\/\/megaequiposdj.com\/index.php\/wp-json\/wp\/v2\/product_tag?post=745"}],"curies":[{"name":"wp","href":"https:\/\/api.w.org\/{rel}","templated":true}]}}