{"id":743,"date":"2025-11-20T10:42:02","date_gmt":"2025-11-20T15:42:02","guid":{"rendered":"https:\/\/megaequiposdj.com\/?post_type=product&#038;p=743"},"modified":"2025-11-20T10:42:02","modified_gmt":"2025-11-20T15:42:02","slug":"pedestal-de-bajo-a-medio-para-gabinete-soundking-db023b","status":"publish","type":"product","link":"https:\/\/megaequiposdj.com\/index.php\/product\/pedestal-de-bajo-a-medio-para-gabinete-soundking-db023b\/","title":{"rendered":"Pedestal de bajo a medio para gabinete SoundKing DB023B"},"content":{"rendered":"<h3>Caracter\u00edsticas del SoundKing DB023B<\/h3>\n<p>&nbsp;<\/p>\n<ul data-path-to-node=\"3\">\n<li>\n<p data-path-to-node=\"3,0,0\"><b>Tipo de Soporte:<\/b> Poste de extensi\u00f3n telesc\u00f3pico (no es un tr\u00edpode de suelo).<\/p>\n<\/li>\n<li>\n<p data-path-to-node=\"3,1,0\"><b>Uso:<\/b> Acople o enlace de <b>Subwoofer (bajo) a Gabinete (medio\/alto)<\/b>.<\/p>\n<\/li>\n<li>\n<p data-path-to-node=\"3,2,0\"><b>Material:<\/b> <b>Acero resistente<\/b>.<\/p>\n<\/li>\n<li>\n<p data-path-to-node=\"3,3,0\"><b>Altura Ajustable:<\/b> De <b>800 mm (0.8 m) a 1340 mm (1.34 m)<\/b>. Este rango de altura te permite colocar el altavoz a la altura del o\u00eddo para optimizar la dispersi\u00f3n del sonido.<\/p>\n<\/li>\n<li>\n<p data-path-to-node=\"3,4,0\"><b>Capacidad de Carga M\u00e1xima:<\/b> <b>50 kg<\/b>.<\/p>\n<\/li>\n<li>\n<p data-path-to-node=\"3,5,0\"><b>Di\u00e1metro del Poste:<\/b> <b>35 mm<\/b>. Este es el di\u00e1metro est\u00e1ndar compatible con la mayor\u00eda de los <i>sockets<\/i> (recept\u00e1culos) superiores de subwoofers y los <i>sockets<\/i> inferiores de gabinetes de medios\/altos.<\/p>\n<\/li>\n<li>\n<p data-path-to-node=\"3,6,0\"><b>Seguridad:<\/b> Incluye un <b>pasador de seguridad<\/b> de acero para fijar la altura ajustada y evitar que el altavoz se deslice.<\/p>\n<\/li>\n<li>\n<p data-path-to-node=\"3,7,0\"><b>Peso del Producto:<\/b> Aproximadamente <b>1.2 kg<\/b>.<\/p>\n<\/li>\n<\/ul>\n","protected":false},"excerpt":{"rendered":"<p>Caracter\u00edsticas del SoundKing DB023B &nbsp; Tipo de Soporte: Poste de extensi\u00f3n telesc\u00f3pico (no es un tr\u00edpode de suelo). Uso: Acople o enlace de Subwoofer (bajo) a Gabinete (medio\/alto). Material: Acero resistente. Altura Ajustable: De 800 mm (0.8 m) a 1340 mm (1.34 m). Este rango de altura te permite colocar el altavoz a la altura [&hellip;]<\/p>\n","protected":false},"featured_media":744,"comment_status":"open","ping_status":"closed","template":"","meta":{"site-container-style":"default","site-container-layout":"default","site-sidebar-layout":"default","site-transparent-header":"default","disable-article-header":"default","disable-site-header":"default","disable-site-footer":"default","disable-content-area-spacing":"default","advanced_seo_description":"","jetpack_seo_html_title":"","jetpack_seo_noindex":false},"product_brand":[214],"product_cat":[34,183],"product_tag":[209,208,165,211,204,198,202,205,210,213,203,207,201,212,206],"class_list":{"0":"post-743","1":"product","2":"type-product","3":"status-publish","4":"has-post-thumbnail","6":"product_brand-soundking","7":"product_cat-bajos","8":"product_cat-pedestal","9":"product_tag-110-lbs","10":"product_tag-acero-50-kg","11":"product_tag-audio-profesional","12":"product_tag-diametro-35mm","13":"product_tag-kebler-pro-b14025","14":"product_tag-kebler-stands","15":"product_tag-pedestal-para-subwoofer","16":"product_tag-pole-mount-subwoofer","17":"product_tag-soporte-ajustable-125cm","18":"product_tag-soporte-altavoz","19":"product_tag-soporte-de-caja-sub-bajo","20":"product_tag-soporte-parlante-sub-bajo","21":"product_tag-soporte-sub-bajo-kebler-b14025","22":"product_tag-stands-para-subwoofer","23":"product_tag-tubo-ajustable-sub-satelite","25":"first","26":"instock","27":"taxable","28":"shipping-taxable","29":"purchasable","30":"product-type-simple"},"jetpack_sharing_enabled":true,"_links":{"self":[{"href":"https:\/\/megaequiposdj.com\/index.php\/wp-json\/wp\/v2\/product\/743","targetHints":{"allow":["GET"]}}],"collection":[{"href":"https:\/\/megaequiposdj.com\/index.php\/wp-json\/wp\/v2\/product"}],"about":[{"href":"https:\/\/megaequiposdj.com\/index.php\/wp-json\/wp\/v2\/types\/product"}],"replies":[{"embeddable":true,"href":"https:\/\/megaequiposdj.com\/index.php\/wp-json\/wp\/v2\/comments?post=743"}],"wp:featuredmedia":[{"embeddable":true,"href":"https:\/\/megaequiposdj.com\/index.php\/wp-json\/wp\/v2\/media\/744"}],"wp:attachment":[{"href":"https:\/\/megaequiposdj.com\/index.php\/wp-json\/wp\/v2\/media?parent=743"}],"wp:term":[{"taxonomy":"product_brand","embeddable":true,"href":"https:\/\/megaequiposdj.com\/index.php\/wp-json\/wp\/v2\/product_brand?post=743"},{"taxonomy":"product_cat","embeddable":true,"href":"https:\/\/megaequiposdj.com\/index.php\/wp-json\/wp\/v2\/product_cat?post=743"},{"taxonomy":"product_tag","embeddable":true,"href":"https:\/\/megaequiposdj.com\/index.php\/wp-json\/wp\/v2\/product_tag?post=743"}],"curies":[{"name":"wp","href":"https:\/\/api.w.org\/{rel}","templated":true}]}}