{"id":658,"date":"2025-11-17T10:04:06","date_gmt":"2025-11-17T15:04:06","guid":{"rendered":"https:\/\/megaequiposdj.com\/?post_type=product&#038;p=658"},"modified":"2025-12-10T19:15:27","modified_gmt":"2025-12-11T00:15:27","slug":"soporte-para-sub-bajo-kebler-pro-b14025","status":"publish","type":"product","link":"https:\/\/megaequiposdj.com\/index.php\/product\/soporte-para-sub-bajo-kebler-pro-b14025\/","title":{"rendered":"Soporte Para SubBajo KEBLER PRO B14025"},"content":{"rendered":"<h3>KEBLER B14040 &#8211; ESPECIFICACIONES<\/h3>\n<p>&nbsp;<\/p>\n<ul data-path-to-node=\"2\">\n<li>\n<p data-path-to-node=\"2,0,0\"><b>Tipo:<\/b> Pedestal para micr\u00f3fono con tr\u00edpode y brazo jirafa (Boom).<\/p>\n<\/li>\n<li>\n<p data-path-to-node=\"2,1,0\"><b>Construcci\u00f3n:<\/b> Estructura de <b>acero resistente<\/b>.<\/p>\n<\/li>\n<li>\n<p data-path-to-node=\"2,2,0\"><b>Base:<\/b> Tr\u00edpode met\u00e1lico estable.<\/p>\n<\/li>\n<li>\n<p data-path-to-node=\"2,3,0\"><b>Peso:<\/b> Aprox. <b>2.2 kg<\/b>.<\/p>\n<\/li>\n<li>\n<p data-path-to-node=\"2,4,0\"><b>Brazo Jirafa:<\/b> Desmontable, con <b>contrapeso<\/b> de pl\u00e1stico.<\/p>\n<\/li>\n<li>\n<p data-path-to-node=\"2,5,0\"><b>Versatilidad:<\/b> Puede usarse como soporte recto (plegando el boom).<\/p>\n<\/li>\n<li>\n<p data-path-to-node=\"2,6,0\"><b>Portabilidad:<\/b> Dise\u00f1o <b>ultraligero<\/b>.<\/p>\n<\/li>\n<li>\n<p data-path-to-node=\"2,7,0\"><b>Accesorios:<\/b> Incluye <b>soporte de cable<\/b>.<\/p>\n<\/li>\n<li>\n<p data-path-to-node=\"2,8,0\"><b>Compatibilidad:<\/b> Adaptador est\u00e1ndar <b>3\/8&#8243; a 5\/8&#8243;<\/b>.<\/p>\n<\/li>\n<\/ul>\n","protected":false},"excerpt":{"rendered":"<p>KEBLER B14040 &#8211; ESPECIFICACIONES &nbsp; Tipo: Pedestal para micr\u00f3fono con tr\u00edpode y brazo jirafa (Boom). Construcci\u00f3n: Estructura de acero resistente. Base: Tr\u00edpode met\u00e1lico estable. Peso: Aprox. 2.2 kg. Brazo Jirafa: Desmontable, con contrapeso de pl\u00e1stico. Versatilidad: Puede usarse como soporte recto (plegando el boom). Portabilidad: Dise\u00f1o ultraligero. Accesorios: Incluye soporte de cable. Compatibilidad: Adaptador est\u00e1ndar [&hellip;]<\/p>\n","protected":false},"featured_media":659,"comment_status":"open","ping_status":"closed","template":"","meta":{"site-container-style":"default","site-container-layout":"default","site-sidebar-layout":"default","site-transparent-header":"default","disable-article-header":"default","disable-site-header":"default","disable-site-footer":"default","disable-content-area-spacing":"default","advanced_seo_description":"","jetpack_seo_html_title":"","jetpack_seo_noindex":false},"product_brand":[184],"product_cat":[183],"product_tag":[209,208,165,211,204,198,202,205,210,213,203,207,201,212,206],"class_list":{"0":"post-658","1":"product","2":"type-product","3":"status-publish","4":"has-post-thumbnail","6":"product_brand-kebler","7":"product_cat-pedestal","8":"product_tag-110-lbs","9":"product_tag-acero-50-kg","10":"product_tag-audio-profesional","11":"product_tag-diametro-35mm","12":"product_tag-kebler-pro-b14025","13":"product_tag-kebler-stands","14":"product_tag-pedestal-para-subwoofer","15":"product_tag-pole-mount-subwoofer","16":"product_tag-soporte-ajustable-125cm","17":"product_tag-soporte-altavoz","18":"product_tag-soporte-de-caja-sub-bajo","19":"product_tag-soporte-parlante-sub-bajo","20":"product_tag-soporte-sub-bajo-kebler-b14025","21":"product_tag-stands-para-subwoofer","22":"product_tag-tubo-ajustable-sub-satelite","24":"first","25":"instock","26":"taxable","27":"shipping-taxable","28":"purchasable","29":"product-type-simple"},"jetpack_sharing_enabled":true,"_links":{"self":[{"href":"https:\/\/megaequiposdj.com\/index.php\/wp-json\/wp\/v2\/product\/658","targetHints":{"allow":["GET"]}}],"collection":[{"href":"https:\/\/megaequiposdj.com\/index.php\/wp-json\/wp\/v2\/product"}],"about":[{"href":"https:\/\/megaequiposdj.com\/index.php\/wp-json\/wp\/v2\/types\/product"}],"replies":[{"embeddable":true,"href":"https:\/\/megaequiposdj.com\/index.php\/wp-json\/wp\/v2\/comments?post=658"}],"wp:featuredmedia":[{"embeddable":true,"href":"https:\/\/megaequiposdj.com\/index.php\/wp-json\/wp\/v2\/media\/659"}],"wp:attachment":[{"href":"https:\/\/megaequiposdj.com\/index.php\/wp-json\/wp\/v2\/media?parent=658"}],"wp:term":[{"taxonomy":"product_brand","embeddable":true,"href":"https:\/\/megaequiposdj.com\/index.php\/wp-json\/wp\/v2\/product_brand?post=658"},{"taxonomy":"product_cat","embeddable":true,"href":"https:\/\/megaequiposdj.com\/index.php\/wp-json\/wp\/v2\/product_cat?post=658"},{"taxonomy":"product_tag","embeddable":true,"href":"https:\/\/megaequiposdj.com\/index.php\/wp-json\/wp\/v2\/product_tag?post=658"}],"curies":[{"name":"wp","href":"https:\/\/api.w.org\/{rel}","templated":true}]}}