{"id":656,"date":"2025-11-17T09:59:35","date_gmt":"2025-11-17T14:59:35","guid":{"rendered":"https:\/\/megaequiposdj.com\/?post_type=product&#038;p=656"},"modified":"2025-11-17T09:59:55","modified_gmt":"2025-11-17T14:59:55","slug":"pedestal-para-microfono-kebler-b14040","status":"publish","type":"product","link":"https:\/\/megaequiposdj.com\/index.php\/product\/pedestal-para-microfono-kebler-b14040\/","title":{"rendered":"Pedestal para microfono kebler b14040"},"content":{"rendered":"<h3>Caracter\u00edsticas Clave del KEBLER B14040<\/h3>\n<p>&nbsp;<\/p>\n<ul data-path-to-node=\"3\">\n<li>\n<p data-path-to-node=\"3,0,0\"><b>Tipo de Soporte:<\/b> Pedestal de micr\u00f3fono con <b>tr\u00edpode<\/b> y <b>brazo jirafa (boom)<\/b>.<\/p>\n<\/li>\n<li>\n<p data-path-to-node=\"3,1,0\"><b>Construcci\u00f3n:<\/b> Estructura de <b>acero resistente<\/b>.<\/p>\n<\/li>\n<li>\n<p data-path-to-node=\"3,2,0\"><b>Base:<\/b> <b>Base met\u00e1lica<\/b> con dise\u00f1o de tr\u00edpode para asegurar el micr\u00f3fono en su lugar.<\/p>\n<\/li>\n<li>\n<p data-path-to-node=\"3,3,0\"><b>Peso:<\/b> Aproximadamente <b>2.2 kg<\/b>.<\/p>\n<\/li>\n<li>\n<p data-path-to-node=\"3,4,0\"><b>Brazo Jirafa (Boom):<\/b><\/p>\n<ul data-path-to-node=\"3,4,1\">\n<li>\n<p data-path-to-node=\"3,4,1,0,0\">Es <b>desmontable<\/b>.<\/p>\n<\/li>\n<li>\n<p data-path-to-node=\"3,4,1,1,0\">Cuenta con un <b>brazo largo con contrapeso<\/b> de pl\u00e1stico moldeado para la colocaci\u00f3n horizontal.<\/p>\n<\/li>\n<\/ul>\n<\/li>\n<li>\n<p data-path-to-node=\"3,5,0\"><b>Dise\u00f1o Vers\u00e1til:<\/b> Se puede plegar para ser usado tambi\u00e9n como un <b>soporte recto<\/b> (sin el brazo jirafa).<\/p>\n<\/li>\n<li>\n<p data-path-to-node=\"3,6,0\"><b>Portabilidad:<\/b> Es <b>ultraligero<\/b> para un f\u00e1cil transporte.<\/p>\n<\/li>\n<li>\n<p data-path-to-node=\"3,7,0\"><b>Accesorios:<\/b><\/p>\n<ul data-path-to-node=\"3,7,1\">\n<li>\n<p data-path-to-node=\"3,7,1,0,0\">Incluye un <b>soporte de cable de pinza<\/b> para mantener los cables fuera del camino.<\/p>\n<\/li>\n<li>\n<p data-path-to-node=\"3,7,1,1,0\">Es compatible con adaptador de <b>3\/8 pulgadas a 5\/8 pulgadas<\/b> (que suelen ser los est\u00e1ndares para clips de micr\u00f3fono).<\/p>\n<\/li>\n<\/ul>\n<\/li>\n<\/ul>\n","protected":false},"excerpt":{"rendered":"<p>Caracter\u00edsticas Clave del KEBLER B14040 &nbsp; Tipo de Soporte: Pedestal de micr\u00f3fono con tr\u00edpode y brazo jirafa (boom). Construcci\u00f3n: Estructura de acero resistente. Base: Base met\u00e1lica con dise\u00f1o de tr\u00edpode para asegurar el micr\u00f3fono en su lugar. Peso: Aproximadamente 2.2 kg. Brazo Jirafa (Boom): Es desmontable. Cuenta con un brazo largo con contrapeso de pl\u00e1stico [&hellip;]<\/p>\n","protected":false},"featured_media":657,"comment_status":"open","ping_status":"closed","template":"","meta":{"site-container-style":"default","site-container-layout":"default","site-sidebar-layout":"default","site-transparent-header":"default","disable-article-header":"default","disable-site-header":"default","disable-site-footer":"default","disable-content-area-spacing":"default","advanced_seo_description":"","jetpack_seo_html_title":"","jetpack_seo_noindex":false},"product_brand":[184],"product_cat":[183],"product_tag":[195,197,200,189,192,198,188,185,199,190,186,191,187,196,194,193],"class_list":{"0":"post-656","1":"product","2":"type-product","3":"status-publish","4":"has-post-thumbnail","6":"product_brand-kebler","7":"product_cat-pedestal","8":"product_tag-accesorios-para-microfono","9":"product_tag-acero-resistente","10":"product_tag-b14040","11":"product_tag-base-metalica","12":"product_tag-brazo-desmontable","13":"product_tag-kebler-stands","14":"product_tag-pedestal-jirafa","15":"product_tag-pedestal-microfono-kebler-b14040","16":"product_tag-soporte-de-tripode","17":"product_tag-soporte-kebler-negro","18":"product_tag-soporte-microfono-profesional","19":"product_tag-stand-para-microfono","20":"product_tag-tripode-con-boom","21":"product_tag-ultraligero","22":"product_tag-uso-escenario","23":"product_tag-uso-estudio","25":"first","26":"instock","27":"taxable","28":"shipping-taxable","29":"purchasable","30":"product-type-simple"},"jetpack_sharing_enabled":true,"_links":{"self":[{"href":"https:\/\/megaequiposdj.com\/index.php\/wp-json\/wp\/v2\/product\/656","targetHints":{"allow":["GET"]}}],"collection":[{"href":"https:\/\/megaequiposdj.com\/index.php\/wp-json\/wp\/v2\/product"}],"about":[{"href":"https:\/\/megaequiposdj.com\/index.php\/wp-json\/wp\/v2\/types\/product"}],"replies":[{"embeddable":true,"href":"https:\/\/megaequiposdj.com\/index.php\/wp-json\/wp\/v2\/comments?post=656"}],"wp:featuredmedia":[{"embeddable":true,"href":"https:\/\/megaequiposdj.com\/index.php\/wp-json\/wp\/v2\/media\/657"}],"wp:attachment":[{"href":"https:\/\/megaequiposdj.com\/index.php\/wp-json\/wp\/v2\/media?parent=656"}],"wp:term":[{"taxonomy":"product_brand","embeddable":true,"href":"https:\/\/megaequiposdj.com\/index.php\/wp-json\/wp\/v2\/product_brand?post=656"},{"taxonomy":"product_cat","embeddable":true,"href":"https:\/\/megaequiposdj.com\/index.php\/wp-json\/wp\/v2\/product_cat?post=656"},{"taxonomy":"product_tag","embeddable":true,"href":"https:\/\/megaequiposdj.com\/index.php\/wp-json\/wp\/v2\/product_tag?post=656"}],"curies":[{"name":"wp","href":"https:\/\/api.w.org\/{rel}","templated":true}]}}